{"id":1029,"date":"2024-10-15T17:41:04","date_gmt":"2024-10-15T17:41:04","guid":{"rendered":"https:\/\/gaffo.com\/?page_id=1029"},"modified":"2025-01-20T19:57:50","modified_gmt":"2025-01-20T19:57:50","slug":"benevolat","status":"publish","type":"page","link":"https:\/\/gaffo.com\/en\/benevolat\/","title":{"rendered":"Volunteering"},"content":{"rendered":"<div data-elementor-type=\"wp-page\" data-elementor-id=\"1029\" class=\"elementor elementor-1029\" data-elementor-settings=\"{&quot;ha_cmc_init_switcher&quot;:&quot;no&quot;}\">\n\t\t\t\t<div class=\"elementor-element elementor-element-4c3224a e-con-full e-flex e-con e-parent\" data-id=\"4c3224a\" data-element_type=\"container\" data-settings=\"{&quot;_ha_eqh_enable&quot;:false}\">\n\t\t<div class=\"elementor-element elementor-element-053a8d9 e-con-full e-flex e-con e-child\" data-id=\"053a8d9\" data-element_type=\"container\" data-settings=\"{&quot;_ha_eqh_enable&quot;:false}\">\n\t\t\t\t<div class=\"elementor-element elementor-element-2088e4d elementor-widget elementor-widget-gva_post_breadcrumb\" data-id=\"2088e4d\" data-element_type=\"widget\" data-widget_type=\"gva_post_breadcrumb.default\">\n\t\t\t\t<div class=\"elementor-widget-container\">\n\t\t\t<div class=\"gva-element-gva_post_breadcrumb gva-element\">   \r\n<div class=\"post-breadcrumb\">\r\n   <div class=\"custom-breadcrumb\" >\r\n               <div class=\"breadcrumb-overlay\" style=\"\"><\/div>\r\n            <div class=\"breadcrumb-main\">\r\n        <div class=\"container\">\r\n          <div class=\"breadcrumb-container-inner align-center\">\r\n            <h2 class=\"heading-title\">Volunteering<\/h2>          <\/div>  \r\n        <\/div>   \r\n      <\/div>  \r\n   <\/div>\r\n<\/div>      \r\n\r\n<\/div>\t\t<\/div>\n\t\t\t\t<\/div>\n\t\t\t\t<\/div>\n\t\t\t\t<\/div>\n\t\t<div class=\"elementor-element elementor-element-03b7c9b e-flex e-con-boxed e-con e-parent\" data-id=\"03b7c9b\" data-element_type=\"container\" data-settings=\"{&quot;_ha_eqh_enable&quot;:false}\">\n\t\t\t\t\t<div class=\"e-con-inner\">\n\t\t<div class=\"elementor-element elementor-element-3603444 e-con-full e-flex e-con e-child\" data-id=\"3603444\" data-element_type=\"container\" data-settings=\"{&quot;_ha_eqh_enable&quot;:false}\">\n\t\t\t\t<div class=\"elementor-element elementor-element-dd7a4bf elementor-widget elementor-widget-gva-heading-block\" data-id=\"dd7a4bf\" data-element_type=\"widget\" data-settings=\"{&quot;_animation&quot;:&quot;none&quot;}\" data-widget_type=\"gva-heading-block.default\">\n\t\t\t\t<div class=\"elementor-widget-container\">\n\t\t\t<div class=\"gva-element-gva-heading-block gva-element\">   <div class=\"align-left style-1 widget gsc-heading box-align-left auto-responsive\">\r\n      <div class=\"content-inner\">\r\n         \r\n                  \r\n         <div class=\"sub-title\"><span class=\"tagline\">Groupe d&#039;Action F\u00e9minin Francophone de l\u2019Ontario<\/span><\/div>  \r\n         \r\n                     <h2 class=\"title\">\r\n               <span>Serving the community<\/span>\r\n            <\/h2>\r\n                  \r\n         \r\n         \r\n      <\/div>\r\n   <\/div>\r\n<\/div>\t\t<\/div>\n\t\t\t\t<\/div>\n\t\t\t\t<div class=\"elementor-element elementor-element-c8a3a64 elementor-widget elementor-widget-text-editor\" data-id=\"c8a3a64\" data-element_type=\"widget\" data-widget_type=\"text-editor.default\">\n\t\t\t\t<div class=\"elementor-widget-container\">\n\t\t\t\t\t\t\t<p><strong>Become a GAFFO member or volunteer.<\/strong><\/p>\t\t\t\t\t\t<\/div>\n\t\t\t\t<\/div>\n\t\t\t\t<div class=\"elementor-element elementor-element-a1ee636 elementor-widget elementor-widget-text-editor\" data-id=\"a1ee636\" data-element_type=\"widget\" data-widget_type=\"text-editor.default\">\n\t\t\t\t<div class=\"elementor-widget-container\">\n\t\t\t\t\t\t\t<p>Please complete the form below.<\/p>\t\t\t\t\t\t<\/div>\n\t\t\t\t<\/div>\n\t\t\t\t<div class=\"elementor-element elementor-element-ef3131f elementor-widget elementor-widget-shortcode\" data-id=\"ef3131f\" data-element_type=\"widget\" data-widget_type=\"shortcode.default\">\n\t\t\t\t<div class=\"elementor-widget-container\">\n\t\t\t\t\t<div class=\"elementor-shortcode\">\n<div class=\"wpcf7 no-js\" id=\"wpcf7-f1508-o1\" lang=\"en-US\" dir=\"ltr\">\n<div class=\"screen-reader-response\"><p role=\"status\" aria-live=\"polite\" aria-atomic=\"true\"><\/p> <ul><\/ul><\/div>\n<form action=\"\/en\/wp-json\/wp\/v2\/pages\/1029#wpcf7-f1508-o1\" method=\"post\" class=\"wpcf7-form init\" aria-label=\"Contact form\" novalidate=\"novalidate\" data-status=\"init\" data-trp-original-action=\"\/en\/wp-json\/wp\/v2\/pages\/1029#wpcf7-f1508-o1\">\n<div style=\"display: none;\">\n<input type=\"hidden\" name=\"_wpcf7\" value=\"1508\" \/>\n<input type=\"hidden\" name=\"_wpcf7_version\" value=\"5.9.8\" \/>\n<input type=\"hidden\" name=\"_wpcf7_locale\" value=\"en_US\" \/>\n<input type=\"hidden\" name=\"_wpcf7_unit_tag\" value=\"wpcf7-f1508-o1\" \/>\n<input type=\"hidden\" name=\"_wpcf7_container_post\" value=\"0\" \/>\n<input type=\"hidden\" name=\"_wpcf7_posted_data_hash\" value=\"\" \/>\n<input type=\"hidden\" name=\"_wpcf7_recaptcha_response\" value=\"\" \/>\n<\/div>\n<div class=\"row\">\n   <div class=\"col-sm-12 col-xs-12\">\n     <span class=\"wpcf7-form-control-wrap\" data-name=\"community\"><span class=\"wpcf7-form-control wpcf7-radio\"><span class=\"wpcf7-list-item first\"><span class=\"wpcf7-list-item-label\">Become a Volunteer<\/span><input type=\"radio\" name=\"community\" value=\"Faire du b\u00e9n\u00e9volat\" checked=\"checked\" \/><\/span><span class=\"wpcf7-list-item last\"><span class=\"wpcf7-list-item-label\">Become a member<\/span><input type=\"radio\" name=\"community\" value=\"\u00catre membre\" \/><\/span><\/span><\/span>  \n   <\/div>   \n<\/div>\n<div class=\"row\">\n   <div class=\"col-sm-6 col-xs-12\">\n     <span class=\"wpcf7-form-control-wrap\" data-name=\"votre-nom\"><input size=\"40\" maxlength=\"400\" class=\"wpcf7-form-control wpcf7-text wpcf7-validates-as-required\" aria-required=\"true\" aria-invalid=\"false\" placeholder=\"Family Name*\" value=\"\" type=\"text\" name=\"votre-nom\" \/><\/span>\n   <\/div>\n   <div class=\"col-sm-6 col-xs-12\">\n     <span class=\"wpcf7-form-control-wrap\" data-name=\"votre-prenom\"><input size=\"40\" maxlength=\"400\" class=\"wpcf7-form-control wpcf7-text wpcf7-validates-as-required\" aria-required=\"true\" aria-invalid=\"false\" placeholder=\"First Name*\" value=\"\" type=\"text\" name=\"votre-prenom\" \/><\/span>\n   <\/div>   \n<\/div>\n<div class=\"row\">\n   <div class=\"col-sm-6 col-xs-12\">\n      <span class=\"wpcf7-form-control-wrap\" data-name=\"votre-courriel\"><input size=\"40\" maxlength=\"400\" class=\"wpcf7-form-control wpcf7-email wpcf7-validates-as-required wpcf7-text wpcf7-validates-as-email\" aria-required=\"true\" aria-invalid=\"false\" placeholder=\"E-mail*\" value=\"\" type=\"email\" name=\"votre-courriel\" \/><\/span>\n   <\/div>\n   <div class=\"col-sm-6 col-xs-12\">\n      <span class=\"wpcf7-form-control-wrap\" data-name=\"telephone\"><input size=\"40\" maxlength=\"400\" class=\"wpcf7-form-control wpcf7-text\" aria-invalid=\"false\" placeholder=\"Phone NB\" value=\"\" type=\"text\" name=\"telephone\" \/><\/span>\n   <\/div>\n<\/div>\n<div class=\"row\">\n   <div class=\"col-sm-12 col-xs-12\">\n      <span class=\"wpcf7-form-control-wrap\" data-name=\"votre-message\"><textarea cols=\"40\" rows=\"10\" maxlength=\"2000\" class=\"wpcf7-form-control wpcf7-textarea\" aria-invalid=\"false\" placeholder=\"Your message\" name=\"votre-message\"><\/textarea><\/span>\n   <\/div>\n   <div class=\"col-sm-12 col-xs-12 action text-center\"><span class=\"form-action\"><input class=\"wpcf7-form-control wpcf7-submit has-spinner\" type=\"submit\" value=\"Submit Form\" \/><\/span><\/div>\n<\/div><div class=\"wpcf7-response-output\" aria-hidden=\"true\"><\/div>\n<input type=\"hidden\" name=\"trp-form-language\" value=\"en\"\/><\/form>\n<\/div>\n<\/div>\n\t\t\t\t<\/div>\n\t\t\t\t<\/div>\n\t\t\t\t<\/div>\n\t\t<div class=\"elementor-element elementor-element-c9efab0 e-con-full e-flex e-con e-child\" data-id=\"c9efab0\" data-element_type=\"container\" data-settings=\"{&quot;background_background&quot;:&quot;classic&quot;,&quot;_ha_eqh_enable&quot;:false}\">\n\t\t\t\t<div class=\"elementor-element elementor-element-658c609 animated-fast elementor-invisible elementor-widget elementor-widget-image\" data-id=\"658c609\" data-element_type=\"widget\" data-settings=\"{&quot;_animation&quot;:&quot;fadeInUp&quot;}\" data-widget_type=\"image.default\">\n\t\t\t\t<div class=\"elementor-widget-container\">\n\t\t\t\t\t\t\t\t\t\t\t\t\t<img fetchpriority=\"high\" decoding=\"async\" width=\"900\" height=\"725\" src=\"https:\/\/gaffo.com\/wp-content\/uploads\/2024\/11\/benevolat-membres.png\" class=\"attachment-large size-large wp-image-1511\" alt=\"\" srcset=\"https:\/\/gaffo.com\/wp-content\/uploads\/2024\/11\/benevolat-membres.png 949w, https:\/\/gaffo.com\/wp-content\/uploads\/2024\/11\/benevolat-membres-768x618.png 768w\" sizes=\"(max-width: 900px) 100vw, 900px\" \/>\t\t\t\t\t\t\t\t\t\t\t\t\t<\/div>\n\t\t\t\t<\/div>\n\t\t\t\t<\/div>\n\t\t\t\t\t<\/div>\n\t\t\t\t<\/div>\n\t\t<div class=\"elementor-element elementor-element-6cd375df e-flex e-con-boxed e-con e-parent\" data-id=\"6cd375df\" data-element_type=\"container\" data-settings=\"{&quot;_ha_eqh_enable&quot;:false}\">\n\t\t\t\t\t<div class=\"e-con-inner\">\n\t\t<div class=\"elementor-element elementor-element-472ceb80 e-con-full e-flex e-con e-child\" data-id=\"472ceb80\" data-element_type=\"container\" data-settings=\"{&quot;_ha_eqh_enable&quot;:false}\">\n\t\t\t\t<div class=\"elementor-element elementor-element-3c00c24b elementor-widget elementor-widget-gva-heading-block\" data-id=\"3c00c24b\" data-element_type=\"widget\" data-settings=\"{&quot;_animation&quot;:&quot;none&quot;}\" data-widget_type=\"gva-heading-block.default\">\n\t\t\t\t<div class=\"elementor-widget-container\">\n\t\t\t<div class=\"gva-element-gva-heading-block gva-element\">   <div class=\"align-center style-1 widget gsc-heading box-align-center auto-responsive\">\r\n      <div class=\"content-inner\">\r\n         \r\n                  \r\n           \r\n         \r\n                     <h2 class=\"title\">\r\n               <span>Sponsors<\/span>\r\n            <\/h2>\r\n                  \r\n         \r\n         \r\n      <\/div>\r\n   <\/div>\r\n<\/div>\t\t<\/div>\n\t\t\t\t<\/div>\n\t\t\t\t<div class=\"elementor-element elementor-element-69ff4acd elementor-widget-divider--view-line_icon elementor-view-default elementor-widget-divider--element-align-center elementor-widget elementor-widget-divider\" data-id=\"69ff4acd\" data-element_type=\"widget\" data-widget_type=\"divider.default\">\n\t\t\t\t<div class=\"elementor-widget-container\">\n\t\t\t\t\t<div class=\"elementor-divider\">\n\t\t\t<span class=\"elementor-divider-separator\">\n\t\t\t\t\t\t\t<div class=\"elementor-icon elementor-divider__element\">\n\t\t\t\t\t<i aria-hidden=\"true\" class=\"wicon-handshake-2\"><\/i><\/div>\n\t\t\t\t\t\t<\/span>\n\t\t<\/div>\n\t\t\t\t<\/div>\n\t\t\t\t<\/div>\n\t\t\t\t<div class=\"elementor-element elementor-element-3b89b6ca elementor-widget elementor-widget-html\" data-id=\"3b89b6ca\" data-element_type=\"widget\" data-widget_type=\"html.default\">\n\t\t\t\t<div class=\"elementor-widget-container\">\n\t\t\t<style>.swiper-slide-image{cursor: pointer;} <\/style>\r\n\r\n\r\n<script>\r\ndocument.addEventListener('DOMContentLoaded', function () {\r\n\r\n\r\n\/* Edit the URL Links Here *\/\r\nlet links = [\r\n    'https:\/\/www.canada.ca\/fr\/patrimoine-canadien.html',\r\n    'https:\/\/otf.ca',\r\n    'https:\/\/www.canada.ca\/fr\/femmes-egalite-genres.html',\r\n    'https:\/\/benevoles.ca',\r\n    'https:\/\/www.canada.ca\/fr\/femmes-egalite-genres.html',\r\n    'https:\/\/www.toronto.ca',\r\n\r\n];\r\n\r\ndocument.body.addEventListener('click', function (e) {\r\n\r\n    if (e.target.closest('.carousel-links .swiper-slide')){\r\n\r\n    let i = e.target.closest('.swiper-slide').getAttribute(\"data-swiper-slide-index\");\r\n\r\n    if (links[i] && links[i].length > 2){\r\n\r\n    window.open(links[i]);\r\n\r\n    }\r\n\r\n    }\r\n\r\n});\r\n\r\n});\r\n\r\n<\/script>\t\t<\/div>\n\t\t\t\t<\/div>\n\t\t\t\t<div class=\"elementor-element elementor-element-8398fe carousel-links elementor-arrows-position-inside elementor-pagination-position-outside elementor-widget elementor-widget-image-carousel\" data-id=\"8398fe\" data-element_type=\"widget\" data-settings=\"{&quot;autoplay_speed&quot;:4000,&quot;navigation&quot;:&quot;both&quot;,&quot;autoplay&quot;:&quot;yes&quot;,&quot;pause_on_hover&quot;:&quot;yes&quot;,&quot;pause_on_interaction&quot;:&quot;yes&quot;,&quot;infinite&quot;:&quot;yes&quot;,&quot;speed&quot;:500}\" data-widget_type=\"image-carousel.default\">\n\t\t\t\t<div class=\"elementor-widget-container\">\n\t\t\t\t\t<div class=\"elementor-image-carousel-wrapper swiper-container\" dir=\"ltr\">\n\t\t\t<div class=\"elementor-image-carousel swiper-wrapper\" aria-live=\"off\">\n\t\t\t\t\t\t\t\t<div class=\"swiper-slide\" role=\"group\" aria-roledescription=\"slide\" aria-label=\"1 of 6\"><figure class=\"swiper-slide-inner\"><img decoding=\"async\" class=\"swiper-slide-image\" src=\"https:\/\/gaffo.com\/wp-content\/uploads\/2024\/09\/logo-patrimoine-canadien-2.jpg\" alt=\"Patrimoine Canadien\" \/><\/figure><\/div><div class=\"swiper-slide\" role=\"group\" aria-roledescription=\"slide\" aria-label=\"2 of 6\"><figure class=\"swiper-slide-inner\"><img decoding=\"async\" class=\"swiper-slide-image\" src=\"https:\/\/gaffo.com\/wp-content\/uploads\/2024\/09\/logo-otf-1.jpg\" alt=\"Fondation Trillium de l&#039;Ontario\" \/><\/figure><\/div><div class=\"swiper-slide\" role=\"group\" aria-roledescription=\"slide\" aria-label=\"3 of 6\"><figure class=\"swiper-slide-inner\"><img decoding=\"async\" class=\"swiper-slide-image\" src=\"https:\/\/gaffo.com\/wp-content\/uploads\/2024\/09\/logo-femmes-egalite-genre-3.jpg\" alt=\"Femmes et \u00c9galit\u00e9 des genres Canada\" \/><\/figure><\/div><div class=\"swiper-slide\" role=\"group\" aria-roledescription=\"slide\" aria-label=\"4 of 6\"><figure class=\"swiper-slide-inner\"><img decoding=\"async\" class=\"swiper-slide-image\" src=\"https:\/\/gaffo.com\/wp-content\/uploads\/2024\/10\/logo-volunteer-benevoles-canada-4.jpg\" alt=\"Volunteer B\u00e9n\u00e9voles Caanda\" \/><\/figure><\/div><div class=\"swiper-slide\" role=\"group\" aria-roledescription=\"slide\" aria-label=\"5 of 6\"><figure class=\"swiper-slide-inner\"><img decoding=\"async\" class=\"swiper-slide-image\" src=\"https:\/\/gaffo.com\/wp-content\/uploads\/2024\/10\/logo-emploi-developpement-social-canada-5.jpg\" alt=\"Emploi et D\u00e9veloppement social Canada\" \/><\/figure><\/div><div class=\"swiper-slide\" role=\"group\" aria-roledescription=\"slide\" aria-label=\"6 of 6\"><figure class=\"swiper-slide-inner\"><img decoding=\"async\" class=\"swiper-slide-image\" src=\"https:\/\/gaffo.com\/wp-content\/uploads\/2024\/12\/logo-city-of-toronto.jpg\" alt=\"Toronto City\" \/><\/figure><\/div>\t\t\t<\/div>\n\t\t\t\t\t\t\t\t\t\t\t\t<div class=\"elementor-swiper-button elementor-swiper-button-prev\" role=\"button\" tabindex=\"0\">\n\t\t\t\t\t\t<i aria-hidden=\"true\" class=\"eicon-chevron-left\"><\/i>\t\t\t\t\t<\/div>\n\t\t\t\t\t<div class=\"elementor-swiper-button elementor-swiper-button-next\" role=\"button\" tabindex=\"0\">\n\t\t\t\t\t\t<i aria-hidden=\"true\" class=\"eicon-chevron-right\"><\/i>\t\t\t\t\t<\/div>\n\t\t\t\t\n\t\t\t\t\t\t\t\t\t<div class=\"swiper-pagination\"><\/div>\n\t\t\t\t\t\t\t\t\t<\/div>\n\t\t\t\t<\/div>\n\t\t\t\t<\/div>\n\t\t\t\t<\/div>\n\t\t\t\t\t<\/div>\n\t\t\t\t<\/div>\n\t\t\t\t<\/div>","protected":false},"excerpt":{"rendered":"<p>B\u00e9n\u00e9volat Groupe d&#039;Action F\u00e9minin Francophone de l\u2019Ontario Au service de la communaut\u00e9 Devenir un membre de GAFFO ou faire du b\u00e9n\u00e9volat. Veuillez remplir le formulaire ci-dessous. Commanditaires<\/p>","protected":false},"author":1,"featured_media":0,"parent":0,"menu_order":0,"comment_status":"closed","ping_status":"closed","template":"","meta":{"footnotes":""},"class_list":["post-1029","page","type-page","status-publish","hentry"],"_links":{"self":[{"href":"https:\/\/gaffo.com\/en\/wp-json\/wp\/v2\/pages\/1029","targetHints":{"allow":["GET"]}}],"collection":[{"href":"https:\/\/gaffo.com\/en\/wp-json\/wp\/v2\/pages"}],"about":[{"href":"https:\/\/gaffo.com\/en\/wp-json\/wp\/v2\/types\/page"}],"author":[{"embeddable":true,"href":"https:\/\/gaffo.com\/en\/wp-json\/wp\/v2\/users\/1"}],"replies":[{"embeddable":true,"href":"https:\/\/gaffo.com\/en\/wp-json\/wp\/v2\/comments?post=1029"}],"version-history":[{"count":25,"href":"https:\/\/gaffo.com\/en\/wp-json\/wp\/v2\/pages\/1029\/revisions"}],"predecessor-version":[{"id":2390,"href":"https:\/\/gaffo.com\/en\/wp-json\/wp\/v2\/pages\/1029\/revisions\/2390"}],"wp:attachment":[{"href":"https:\/\/gaffo.com\/en\/wp-json\/wp\/v2\/media?parent=1029"}],"curies":[{"name":"wp","href":"https:\/\/api.w.org\/{rel}","templated":true}]}}