{"id":1175,"date":"2024-10-23T00:47:21","date_gmt":"2024-10-23T00:47:21","guid":{"rendered":"https:\/\/gaffo.com\/?page_id=1175"},"modified":"2025-01-16T17:59:13","modified_gmt":"2025-01-16T17:59:13","slug":"formations-couture","status":"publish","type":"page","link":"https:\/\/gaffo.com\/en\/formations-couture\/","title":{"rendered":"Sewing"},"content":{"rendered":"<div data-elementor-type=\"wp-page\" data-elementor-id=\"1175\" class=\"elementor elementor-1175\" data-elementor-settings=\"{&quot;ha_cmc_init_switcher&quot;:&quot;no&quot;}\">\n\t\t\t\t<div class=\"elementor-element elementor-element-d3ccd32 e-flex e-con-boxed e-con e-parent\" data-id=\"d3ccd32\" data-element_type=\"container\" data-settings=\"{&quot;shape_divider_top&quot;:&quot;waves&quot;,&quot;shape_divider_top_negative&quot;:&quot;yes&quot;,&quot;_ha_eqh_enable&quot;:false}\">\n\t\t\t\t\t<div class=\"e-con-inner\">\n\t\t\t\t<div class=\"elementor-shape elementor-shape-top\" data-negative=\"true\">\n\t\t\t<svg xmlns=\"http:\/\/www.w3.org\/2000\/svg\" viewbox=\"0 0 1000 100\" preserveaspectratio=\"none\">\n\t<path class=\"elementor-shape-fill\" d=\"M790.5,93.1c-59.3-5.3-116.8-18-192.6-50c-29.6-12.7-76.9-31-100.5-35.9c-23.6-4.9-52.6-7.8-75.5-5.3\tc-10.2,1.1-22.6,1.4-50.1,7.4c-27.2,6.3-58.2,16.6-79.4,24.7c-41.3,15.9-94.9,21.9-134,22.6C72,58.2,0,25.8,0,25.8V100h1000V65.3\tc0,0-51.5,19.4-106.2,25.7C839.5,97,814.1,95.2,790.5,93.1z\"\/>\n<\/svg>\t\t<\/div>\n\t\t<div class=\"elementor-element elementor-element-bdd57f5 e-con-full e-flex e-con e-child\" data-id=\"bdd57f5\" data-element_type=\"container\" data-settings=\"{&quot;_ha_eqh_enable&quot;:false}\">\n\t\t<div class=\"elementor-element elementor-element-5a5a702 e-con-full e-flex e-con e-child\" data-id=\"5a5a702\" data-element_type=\"container\" data-settings=\"{&quot;_ha_eqh_enable&quot;:false}\">\n\t\t\t\t<div class=\"elementor-element elementor-element-a384d37 elementor-invisible elementor-widget elementor-widget-gva-heading-block\" data-id=\"a384d37\" data-element_type=\"widget\" data-settings=\"{&quot;_animation&quot;:&quot;fadeIn&quot;}\" data-widget_type=\"gva-heading-block.default\">\n\t\t\t\t<div class=\"elementor-widget-container\">\n\t\t\t<div class=\"gva-element-gva-heading-block gva-element\">   <div class=\"align-left style-1 widget gsc-heading box-align-left auto-responsive\">\r\n      <div class=\"content-inner\">\r\n         \r\n                  \r\n         <div class=\"sub-title\"><span class=\"tagline\">Training offered<\/span><\/div>  \r\n         \r\n                     <h2 class=\"title\">\r\n               <span>Sewing <\/span>\r\n            <\/h2>\r\n                  \r\n         \r\n         \r\n      <\/div>\r\n   <\/div>\r\n<\/div>\t\t<\/div>\n\t\t\t\t<\/div>\n\t\t\t\t<div class=\"elementor-element elementor-element-c8a3a64 elementor-invisible elementor-widget elementor-widget-text-editor\" data-id=\"c8a3a64\" data-element_type=\"widget\" data-settings=\"{&quot;_animation&quot;:&quot;fadeIn&quot;,&quot;_animation_delay&quot;:250}\" data-widget_type=\"text-editor.default\">\n\t\t\t\t<div class=\"elementor-widget-container\">\n\t\t\t\t\t\t\t<p style=\"text-align: justify;\"><strong>The GAFFO Sewing Program is a 25-week intensive program that provides participants with the opportunity to develop the skills needed to work and enter the job market in the sewing field.<\/strong><\/p>\t\t\t\t\t\t<\/div>\n\t\t\t\t<\/div>\n\t\t\t\t<div class=\"elementor-element elementor-element-8811edd elementor-invisible elementor-widget elementor-widget-text-editor\" data-id=\"8811edd\" data-element_type=\"widget\" data-settings=\"{&quot;_animation&quot;:&quot;fadeIn&quot;,&quot;_animation_delay&quot;:350}\" data-widget_type=\"text-editor.default\">\n\t\t\t\t<div class=\"elementor-widget-container\">\n\t\t\t\t\t\t\t<p style=\"text-align: justify;\">During the 26 weeks, participants in this sewing program will not only have the opportunity to learn and master the different types of sewing machines most used in the field of industrial sewing, but will also have to participate in workshops and various information sessions on building a portfolio and writing a summary, interview practice for obtaining a job, workers' rights and labor standards in Ontario.<\/p>\t\t\t\t\t\t<\/div>\n\t\t\t\t<\/div>\n\t\t\t\t<div class=\"elementor-element elementor-element-4d69b23 elementor-invisible elementor-widget elementor-widget-text-editor\" data-id=\"4d69b23\" data-element_type=\"widget\" data-settings=\"{&quot;_animation&quot;:&quot;fadeIn&quot;,&quot;_animation_delay&quot;:350}\" data-widget_type=\"text-editor.default\">\n\t\t\t\t<div class=\"elementor-widget-container\">\n\t\t\t\t\t\t\t<ul><li>25 weeks of sewing and embroidery courses.<\/li><li>Introduction to knitting machines.<\/li><li>8 weeks of training.<\/li><li>Mentoring course.<\/li><li>Job search techniques.<\/li><li>Build a portfolio and summary.<\/li><li>Exhibition of works produced.<\/li><li>Creation of a sewing club.<\/li><li>Certificate issued at the end of the course.<\/li><\/ul>\t\t\t\t\t\t<\/div>\n\t\t\t\t<\/div>\n\t\t\t\t<div class=\"elementor-element elementor-element-3c20e96 elementor-invisible elementor-widget elementor-widget-text-editor\" data-id=\"3c20e96\" data-element_type=\"widget\" data-settings=\"{&quot;_animation&quot;:&quot;fadeIn&quot;,&quot;_animation_delay&quot;:350}\" data-widget_type=\"text-editor.default\">\n\t\t\t\t<div class=\"elementor-widget-container\">\n\t\t\t\t\t\t\t<p style=\"text-align: justify;\"><strong>Orientation and acquisition of knowledge necessary for production<\/strong><\/p>\t\t\t\t\t\t<\/div>\n\t\t\t\t<\/div>\n\t\t\t\t<div class=\"elementor-element elementor-element-5928db4 elementor-align-left elementor-invisible elementor-widget elementor-widget-button\" data-id=\"5928db4\" data-element_type=\"widget\" data-settings=\"{&quot;_animation&quot;:&quot;fadeInRight&quot;}\" data-widget_type=\"button.default\">\n\t\t\t\t<div class=\"elementor-widget-container\">\n\t\t\t\t\t<div class=\"elementor-button-wrapper\">\n\t\t\t<a class=\"elementor-button elementor-button-link elementor-size-sm elementor-animation-shrink\" href=\"https:\/\/gaffo.com\/en\/contact-nous\/\">\n\t\t\t\t\t\t<span class=\"elementor-button-content-wrapper\">\n\t\t\t\t\t\t<span class=\"elementor-button-icon\">\n\t\t\t\t<i aria-hidden=\"true\" class=\"fas fa-arrow-right\"><\/i>\t\t\t<\/span>\n\t\t\t\t\t\t\t\t\t<span class=\"elementor-button-text\">CONTACT US<\/span>\n\t\t\t\t\t<\/span>\n\t\t\t\t\t<\/a>\n\t\t<\/div>\n\t\t\t\t<\/div>\n\t\t\t\t<\/div>\n\t\t\t\t<\/div>\n\t\t<div class=\"elementor-element elementor-element-b5e8e62 e-grid e-con-full e-con e-child\" data-id=\"b5e8e62\" data-element_type=\"container\" data-settings=\"{&quot;_ha_eqh_enable&quot;:false}\">\n\t\t\t\t<div class=\"elementor-element elementor-element-40349a3 elementor-invisible elementor-widget elementor-widget-gva-image-content\" data-id=\"40349a3\" data-element_type=\"widget\" data-settings=\"{&quot;_animation&quot;:&quot;fadeInRight&quot;}\" data-widget_type=\"gva-image-content.default\">\n\t\t\t\t<div class=\"elementor-widget-container\">\n\t\t\t<div class=\"gva-element-gva-image-content gva-element\">\t\t\r\n\t  \r\n\t \r\n\r\n\t\t\t<div class=\"about-two__single\">\r\n\t\t  \t<div class=\"about-two__image\"><div class=\"content-inner\"><img decoding=\"async\" src=\"http:\/\/gaffo.com\/wp-content\/uploads\/2024\/10\/formations-couture.png\" alt=\"\" \/><\/div><div class=\"about-two__shape\"><img decoding=\"async\" src=\"https:\/\/gaviaspreview.com\/wp\/welowe\/wp-content\/uploads\/2024\/01\/image-15.png\" alt=\"\" \/><\/div><div class=\"about-two__shape-2\"><img decoding=\"async\" src=\"https:\/\/gaviaspreview.com\/wp\/welowe\/wp-content\/uploads\/2024\/01\/image-16.png\" alt=\"\" \/><\/div><\/div>\t\t<\/div>\r\n\t \r\n\r\n\t \r\n\r\n\t \r\n  \r\n \r\n\r\n  \r\n \r\n\r\n <\/div>\t\t<\/div>\n\t\t\t\t<\/div>\n\t\t<div class=\"elementor-element elementor-element-2d5152d e-grid e-con-full e-con e-child\" data-id=\"2d5152d\" data-element_type=\"container\" data-settings=\"{&quot;_ha_eqh_enable&quot;:false}\">\n\t\t\t\t<div class=\"elementor-element elementor-element-85cee7d elementor-widget elementor-widget-image\" data-id=\"85cee7d\" data-element_type=\"widget\" data-widget_type=\"image.default\">\n\t\t\t\t<div class=\"elementor-widget-container\">\n\t\t\t\t\t\t\t\t\t\t\t\t\t<img fetchpriority=\"high\" decoding=\"async\" width=\"900\" height=\"600\" src=\"https:\/\/gaffo.com\/wp-content\/uploads\/2024\/10\/bchj-1024x683-1024x683-1.jpg\" class=\"attachment-large size-large wp-image-879\" alt=\"\" srcset=\"https:\/\/gaffo.com\/wp-content\/uploads\/2024\/10\/bchj-1024x683-1024x683-1.jpg 1024w, https:\/\/gaffo.com\/wp-content\/uploads\/2024\/10\/bchj-1024x683-1024x683-1-768x512.jpg 768w\" sizes=\"(max-width: 900px) 100vw, 900px\" \/>\t\t\t\t\t\t\t\t\t\t\t\t\t<\/div>\n\t\t\t\t<\/div>\n\t\t\t\t<div class=\"elementor-element elementor-element-cd5eeaa elementor-widget elementor-widget-image\" data-id=\"cd5eeaa\" data-element_type=\"widget\" data-widget_type=\"image.default\">\n\t\t\t\t<div class=\"elementor-widget-container\">\n\t\t\t\t\t\t\t\t\t\t\t\t\t<img decoding=\"async\" width=\"631\" height=\"558\" src=\"https:\/\/gaffo.com\/wp-content\/uploads\/2024\/10\/couture-s.jpg\" class=\"attachment-large size-large wp-image-881\" alt=\"\" \/>\t\t\t\t\t\t\t\t\t\t\t\t\t<\/div>\n\t\t\t\t<\/div>\n\t\t\t\t<\/div>\n\t\t\t\t<\/div>\n\t\t\t\t<\/div>\n\t\t\t\t\t<\/div>\n\t\t\t\t<\/div>\n\t\t<div class=\"elementor-element elementor-element-11f0f908 e-flex e-con-boxed e-con e-parent\" data-id=\"11f0f908\" data-element_type=\"container\" data-settings=\"{&quot;_ha_eqh_enable&quot;:false}\">\n\t\t\t\t\t<div class=\"e-con-inner\">\n\t\t<div class=\"elementor-element elementor-element-6b692cd8 e-con-full e-flex e-con e-child\" data-id=\"6b692cd8\" data-element_type=\"container\" data-settings=\"{&quot;_ha_eqh_enable&quot;:false}\">\n\t\t\t\t<div class=\"elementor-element elementor-element-1183cc0e elementor-widget elementor-widget-gva-heading-block\" data-id=\"1183cc0e\" data-element_type=\"widget\" data-settings=\"{&quot;_animation&quot;:&quot;none&quot;}\" data-widget_type=\"gva-heading-block.default\">\n\t\t\t\t<div class=\"elementor-widget-container\">\n\t\t\t<div class=\"gva-element-gva-heading-block gva-element\">   <div class=\"align-center style-1 widget gsc-heading box-align-center auto-responsive\">\r\n      <div class=\"content-inner\">\r\n         \r\n                  \r\n           \r\n         \r\n                     <h2 class=\"title\">\r\n               <span>Sponsors<\/span>\r\n            <\/h2>\r\n                  \r\n         \r\n         \r\n      <\/div>\r\n   <\/div>\r\n<\/div>\t\t<\/div>\n\t\t\t\t<\/div>\n\t\t\t\t<div class=\"elementor-element elementor-element-45ee6a96 elementor-widget-divider--view-line_icon elementor-view-default elementor-widget-divider--element-align-center elementor-widget elementor-widget-divider\" data-id=\"45ee6a96\" data-element_type=\"widget\" data-widget_type=\"divider.default\">\n\t\t\t\t<div class=\"elementor-widget-container\">\n\t\t\t\t\t<div class=\"elementor-divider\">\n\t\t\t<span class=\"elementor-divider-separator\">\n\t\t\t\t\t\t\t<div class=\"elementor-icon elementor-divider__element\">\n\t\t\t\t\t<i aria-hidden=\"true\" class=\"wicon-handshake-2\"><\/i><\/div>\n\t\t\t\t\t\t<\/span>\n\t\t<\/div>\n\t\t\t\t<\/div>\n\t\t\t\t<\/div>\n\t\t\t\t<div class=\"elementor-element elementor-element-2f45ad1a elementor-widget elementor-widget-html\" data-id=\"2f45ad1a\" data-element_type=\"widget\" data-widget_type=\"html.default\">\n\t\t\t\t<div class=\"elementor-widget-container\">\n\t\t\t<style>.swiper-slide-image{cursor: pointer;} <\/style>\r\n\r\n\r\n<script>\r\ndocument.addEventListener('DOMContentLoaded', function () {\r\n\r\n\r\n\/* Edit the URL Links Here *\/\r\nlet links = [\r\n    'https:\/\/www.canada.ca\/fr\/patrimoine-canadien.html',\r\n    'https:\/\/otf.ca',\r\n    'https:\/\/www.canada.ca\/fr\/femmes-egalite-genres.html',\r\n    'https:\/\/benevoles.ca',\r\n    'https:\/\/www.canada.ca\/fr\/femmes-egalite-genres.html',\r\n    'https:\/\/www.toronto.ca',\r\n\r\n];\r\n\r\ndocument.body.addEventListener('click', function (e) {\r\n\r\n    if (e.target.closest('.carousel-links .swiper-slide')){\r\n\r\n    let i = e.target.closest('.swiper-slide').getAttribute(\"data-swiper-slide-index\");\r\n\r\n    if (links[i] && links[i].length > 2){\r\n\r\n    window.open(links[i]);\r\n\r\n    }\r\n\r\n    }\r\n\r\n});\r\n\r\n});\r\n\r\n<\/script>\t\t<\/div>\n\t\t\t\t<\/div>\n\t\t\t\t<div class=\"elementor-element elementor-element-6c493bc8 carousel-links elementor-arrows-position-inside elementor-pagination-position-outside elementor-widget elementor-widget-image-carousel\" data-id=\"6c493bc8\" data-element_type=\"widget\" data-settings=\"{&quot;autoplay_speed&quot;:4000,&quot;navigation&quot;:&quot;both&quot;,&quot;autoplay&quot;:&quot;yes&quot;,&quot;pause_on_hover&quot;:&quot;yes&quot;,&quot;pause_on_interaction&quot;:&quot;yes&quot;,&quot;infinite&quot;:&quot;yes&quot;,&quot;speed&quot;:500}\" data-widget_type=\"image-carousel.default\">\n\t\t\t\t<div class=\"elementor-widget-container\">\n\t\t\t\t\t<div class=\"elementor-image-carousel-wrapper swiper-container\" dir=\"ltr\">\n\t\t\t<div class=\"elementor-image-carousel swiper-wrapper\" aria-live=\"off\">\n\t\t\t\t\t\t\t\t<div class=\"swiper-slide\" role=\"group\" aria-roledescription=\"slide\" aria-label=\"1 of 6\"><figure class=\"swiper-slide-inner\"><img decoding=\"async\" class=\"swiper-slide-image\" src=\"https:\/\/gaffo.com\/wp-content\/uploads\/2024\/09\/logo-patrimoine-canadien-2.jpg\" alt=\"Patrimoine Canadien\" \/><\/figure><\/div><div class=\"swiper-slide\" role=\"group\" aria-roledescription=\"slide\" aria-label=\"2 of 6\"><figure class=\"swiper-slide-inner\"><img decoding=\"async\" class=\"swiper-slide-image\" src=\"https:\/\/gaffo.com\/wp-content\/uploads\/2024\/09\/logo-otf-1.jpg\" alt=\"Fondation Trillium de l&#039;Ontario\" \/><\/figure><\/div><div class=\"swiper-slide\" role=\"group\" aria-roledescription=\"slide\" aria-label=\"3 of 6\"><figure class=\"swiper-slide-inner\"><img decoding=\"async\" class=\"swiper-slide-image\" src=\"https:\/\/gaffo.com\/wp-content\/uploads\/2024\/09\/logo-femmes-egalite-genre-3.jpg\" alt=\"Femmes et \u00c9galit\u00e9 des genres Canada\" \/><\/figure><\/div><div class=\"swiper-slide\" role=\"group\" aria-roledescription=\"slide\" aria-label=\"4 of 6\"><figure class=\"swiper-slide-inner\"><img decoding=\"async\" class=\"swiper-slide-image\" src=\"https:\/\/gaffo.com\/wp-content\/uploads\/2024\/10\/logo-volunteer-benevoles-canada-4.jpg\" alt=\"Volunteer B\u00e9n\u00e9voles Caanda\" \/><\/figure><\/div><div class=\"swiper-slide\" role=\"group\" aria-roledescription=\"slide\" aria-label=\"5 of 6\"><figure class=\"swiper-slide-inner\"><img decoding=\"async\" class=\"swiper-slide-image\" src=\"https:\/\/gaffo.com\/wp-content\/uploads\/2024\/10\/logo-emploi-developpement-social-canada-5.jpg\" alt=\"Emploi et D\u00e9veloppement social Canada\" \/><\/figure><\/div><div class=\"swiper-slide\" role=\"group\" aria-roledescription=\"slide\" aria-label=\"6 of 6\"><figure class=\"swiper-slide-inner\"><img decoding=\"async\" class=\"swiper-slide-image\" src=\"https:\/\/gaffo.com\/wp-content\/uploads\/2024\/12\/logo-city-of-toronto.jpg\" alt=\"Toronto City\" \/><\/figure><\/div>\t\t\t<\/div>\n\t\t\t\t\t\t\t\t\t\t\t\t<div class=\"elementor-swiper-button elementor-swiper-button-prev\" role=\"button\" tabindex=\"0\">\n\t\t\t\t\t\t<i aria-hidden=\"true\" class=\"eicon-chevron-left\"><\/i>\t\t\t\t\t<\/div>\n\t\t\t\t\t<div class=\"elementor-swiper-button elementor-swiper-button-next\" role=\"button\" tabindex=\"0\">\n\t\t\t\t\t\t<i aria-hidden=\"true\" class=\"eicon-chevron-right\"><\/i>\t\t\t\t\t<\/div>\n\t\t\t\t\n\t\t\t\t\t\t\t\t\t<div class=\"swiper-pagination\"><\/div>\n\t\t\t\t\t\t\t\t\t<\/div>\n\t\t\t\t<\/div>\n\t\t\t\t<\/div>\n\t\t\t\t<\/div>\n\t\t\t\t\t<\/div>\n\t\t\t\t<\/div>\n\t\t\t\t<\/div>","protected":false},"excerpt":{"rendered":"<p>Formations offertes Couture Le programme de couture du GAFFO est un programme intensif de 25 semaines qui offre aux participantes l\u2019opportunit\u00e9 de d\u00e9velopper les comp\u00e9tences n\u00e9cessaires pour travailler et entrer [&hellip;]<\/p>","protected":false},"author":1,"featured_media":0,"parent":0,"menu_order":0,"comment_status":"closed","ping_status":"closed","template":"","meta":{"footnotes":""},"class_list":["post-1175","page","type-page","status-publish","hentry"],"_links":{"self":[{"href":"https:\/\/gaffo.com\/en\/wp-json\/wp\/v2\/pages\/1175","targetHints":{"allow":["GET"]}}],"collection":[{"href":"https:\/\/gaffo.com\/en\/wp-json\/wp\/v2\/pages"}],"about":[{"href":"https:\/\/gaffo.com\/en\/wp-json\/wp\/v2\/types\/page"}],"author":[{"embeddable":true,"href":"https:\/\/gaffo.com\/en\/wp-json\/wp\/v2\/users\/1"}],"replies":[{"embeddable":true,"href":"https:\/\/gaffo.com\/en\/wp-json\/wp\/v2\/comments?post=1175"}],"version-history":[{"count":25,"href":"https:\/\/gaffo.com\/en\/wp-json\/wp\/v2\/pages\/1175\/revisions"}],"predecessor-version":[{"id":2262,"href":"https:\/\/gaffo.com\/en\/wp-json\/wp\/v2\/pages\/1175\/revisions\/2262"}],"wp:attachment":[{"href":"https:\/\/gaffo.com\/en\/wp-json\/wp\/v2\/media?parent=1175"}],"curies":[{"name":"wp","href":"https:\/\/api.w.org\/{rel}","templated":true}]}}