{"id":23,"date":"2024-10-10T02:29:04","date_gmt":"2024-10-10T02:29:04","guid":{"rendered":"https:\/\/gaviaspreview.com\/wp\/welowe\/?page_id=23"},"modified":"2025-01-20T19:17:19","modified_gmt":"2025-01-20T19:17:19","slug":"notre-vision","status":"publish","type":"page","link":"https:\/\/gaffo.com\/en\/notre-vision\/","title":{"rendered":"Our vision"},"content":{"rendered":"<div data-elementor-type=\"wp-page\" data-elementor-id=\"23\" class=\"elementor elementor-23\" data-elementor-settings=\"{&quot;ha_cmc_init_switcher&quot;:&quot;no&quot;}\">\n\t\t\t\t<div class=\"elementor-element elementor-element-b9e883a e-con-full e-flex e-con e-parent\" data-id=\"b9e883a\" data-element_type=\"container\" data-settings=\"{&quot;_ha_eqh_enable&quot;:false}\">\n\t\t<div class=\"elementor-element elementor-element-556bfdb e-con-full e-flex e-con e-child\" data-id=\"556bfdb\" data-element_type=\"container\" data-settings=\"{&quot;_ha_eqh_enable&quot;:false}\">\n\t\t\t\t<div class=\"elementor-element elementor-element-4fb0b14 elementor-widget elementor-widget-gva_post_breadcrumb\" data-id=\"4fb0b14\" data-element_type=\"widget\" data-widget_type=\"gva_post_breadcrumb.default\">\n\t\t\t\t<div class=\"elementor-widget-container\">\n\t\t\t<div class=\"gva-element-gva_post_breadcrumb gva-element\">   \r\n<div class=\"post-breadcrumb\">\r\n   <div class=\"custom-breadcrumb\" >\r\n               <div class=\"breadcrumb-overlay\" style=\"\"><\/div>\r\n            <div class=\"breadcrumb-main\">\r\n        <div class=\"container\">\r\n          <div class=\"breadcrumb-container-inner align-center\">\r\n            <h2 class=\"heading-title\">Our vision<\/h2>          <\/div>  \r\n        <\/div>   \r\n      <\/div>  \r\n   <\/div>\r\n<\/div>      \r\n\r\n<\/div>\t\t<\/div>\n\t\t\t\t<\/div>\n\t\t\t\t<\/div>\n\t\t\t\t<\/div>\n\t\t<div class=\"elementor-element elementor-element-a8b8f55 e-flex e-con-boxed e-con e-parent\" data-id=\"a8b8f55\" data-element_type=\"container\" data-settings=\"{&quot;_ha_eqh_enable&quot;:false}\">\n\t\t\t\t\t<div class=\"e-con-inner\">\n\t\t<div class=\"elementor-element elementor-element-9f7eea0 e-con-full e-flex e-con e-child\" data-id=\"9f7eea0\" data-element_type=\"container\" data-settings=\"{&quot;_ha_eqh_enable&quot;:false}\">\n\t\t\t\t<div class=\"elementor-element elementor-element-b5af4fa elementor-widget elementor-widget-gva-heading-block\" data-id=\"b5af4fa\" data-element_type=\"widget\" data-settings=\"{&quot;_animation&quot;:&quot;none&quot;}\" data-widget_type=\"gva-heading-block.default\">\n\t\t\t\t<div class=\"elementor-widget-container\">\n\t\t\t<div class=\"gva-element-gva-heading-block gva-element\">   <div class=\"align-left style-1 widget gsc-heading box-align-left auto-responsive\">\r\n      <div class=\"content-inner\">\r\n         \r\n                  \r\n         <div class=\"sub-title\"><span class=\"tagline\">Groupe d&#039;Action F\u00e9minin Francophone de l\u2019Ontario<\/span><\/div>  \r\n         \r\n                     <h2 class=\"title\">\r\n               <span>The Vision of GAFFO<\/span>\r\n            <\/h2>\r\n                  \r\n         \r\n         \r\n      <\/div>\r\n   <\/div>\r\n<\/div>\t\t<\/div>\n\t\t\t\t<\/div>\n\t\t\t\t<div class=\"elementor-element elementor-element-0ef8729 elementor-widget elementor-widget-text-editor\" data-id=\"0ef8729\" data-element_type=\"widget\" data-widget_type=\"text-editor.default\">\n\t\t\t\t<div class=\"elementor-widget-container\">\n\t\t\t\t\t\t\t<p style=\"text-align: justify;\">Our vision is to combat racism in access to housing, employment, schools, and sports. We\naim to target study topics that may benefit Francophone immigrant women, their families\nand inform policy and community services that can improve the quality of life of\nfrancophone immigrant girls and women.\u00a0<\/p>\t\t\t\t\t\t<\/div>\n\t\t\t\t<\/div>\n\t\t\t\t<div class=\"elementor-element elementor-element-16f9e50 elementor-widget-divider--view-line_icon elementor-view-default elementor-widget-divider--element-align-center elementor-widget elementor-widget-divider\" data-id=\"16f9e50\" data-element_type=\"widget\" data-widget_type=\"divider.default\">\n\t\t\t\t<div class=\"elementor-widget-container\">\n\t\t\t\t\t<div class=\"elementor-divider\">\n\t\t\t<span class=\"elementor-divider-separator\">\n\t\t\t\t\t\t\t<div class=\"elementor-icon elementor-divider__element\">\n\t\t\t\t\t<i aria-hidden=\"true\" class=\"far fa-heart\"><\/i><\/div>\n\t\t\t\t\t\t<\/span>\n\t\t<\/div>\n\t\t\t\t<\/div>\n\t\t\t\t<\/div>\n\t\t\t\t<\/div>\n\t\t<div class=\"elementor-element elementor-element-67a5c6e e-con-full e-flex e-con e-child\" data-id=\"67a5c6e\" data-element_type=\"container\" data-settings=\"{&quot;_ha_eqh_enable&quot;:false}\">\n\t\t\t\t<div class=\"elementor-element elementor-element-feef9c6 elementor-invisible elementor-widget elementor-widget-gva-image-content\" data-id=\"feef9c6\" data-element_type=\"widget\" data-settings=\"{&quot;_animation&quot;:&quot;fadeInRight&quot;}\" data-widget_type=\"gva-image-content.default\">\n\t\t\t\t<div class=\"elementor-widget-container\">\n\t\t\t<div class=\"gva-element-gva-image-content gva-element\">\t\t\r\n\t  \r\n\t \r\n\r\n\t\t\t<div class=\"about-two__single\">\r\n\t\t  \t<div class=\"about-two__image\"><div class=\"content-inner\"><img decoding=\"async\" src=\"http:\/\/gaffo.com\/wp-content\/uploads\/2025\/01\/since-2000.jpg\" alt=\"\" \/><\/div><div class=\"about-two__shape\"><img decoding=\"async\" src=\"https:\/\/gaviaspreview.com\/wp\/welowe\/wp-content\/uploads\/2024\/01\/image-15.png\" alt=\"\" \/><\/div><\/div>\t\t<\/div>\r\n\t \r\n\r\n\t \r\n\r\n\t \r\n  \r\n \r\n\r\n  \r\n \r\n\r\n <\/div>\t\t<\/div>\n\t\t\t\t<\/div>\n\t\t\t\t<\/div>\n\t\t\t\t\t<\/div>\n\t\t\t\t<\/div>\n\t\t<div class=\"elementor-element elementor-element-be824f6 e-flex e-con-boxed e-con e-parent\" data-id=\"be824f6\" data-element_type=\"container\" data-settings=\"{&quot;background_background&quot;:&quot;classic&quot;,&quot;_ha_eqh_enable&quot;:false}\">\n\t\t\t\t\t<div class=\"e-con-inner\">\n\t\t<div class=\"elementor-element elementor-element-3170cd2 e-con-full e-flex e-con e-child\" data-id=\"3170cd2\" data-element_type=\"container\" data-settings=\"{&quot;_ha_eqh_enable&quot;:false}\">\n\t\t\t\t<div class=\"elementor-element elementor-element-651a894 elementor-invisible elementor-widget elementor-widget-image\" data-id=\"651a894\" data-element_type=\"widget\" data-settings=\"{&quot;_animation&quot;:&quot;fadeInLeft&quot;}\" data-widget_type=\"image.default\">\n\t\t\t\t<div class=\"elementor-widget-container\">\n\t\t\t\t\t\t\t\t\t\t\t\t\t<img fetchpriority=\"high\" decoding=\"async\" width=\"1024\" height=\"683\" src=\"https:\/\/gaffo.com\/wp-content\/uploads\/2025\/01\/gaffo-social-media.jpg\" class=\"attachment-full size-full wp-image-2032\" alt=\"\" srcset=\"https:\/\/gaffo.com\/wp-content\/uploads\/2025\/01\/gaffo-social-media.jpg 1024w, https:\/\/gaffo.com\/wp-content\/uploads\/2025\/01\/gaffo-social-media-768x512.jpg 768w, https:\/\/gaffo.com\/wp-content\/uploads\/2025\/01\/gaffo-social-media-18x12.jpg 18w\" sizes=\"(max-width: 1024px) 100vw, 1024px\" \/>\t\t\t\t\t\t\t\t\t\t\t\t\t<\/div>\n\t\t\t\t<\/div>\n\t\t\t\t<\/div>\n\t\t<div class=\"elementor-element elementor-element-3fe66f6 e-con-full e-flex e-con e-child\" data-id=\"3fe66f6\" data-element_type=\"container\" data-settings=\"{&quot;_ha_eqh_enable&quot;:false}\">\n\t\t\t\t<div class=\"elementor-element elementor-element-802b1e1 elementor-widget elementor-widget-text-editor\" data-id=\"802b1e1\" data-element_type=\"widget\" data-widget_type=\"text-editor.default\">\n\t\t\t\t<div class=\"elementor-widget-container\">\n\t\t\t\t\t\t\t<p style=\"text-align: justify;\">We will use social media to inform young girls and women of Francophone immigrant origin about the realities of their lives in the community. We encourage young girls and women to join GAFFO's actions<\/p>\t\t\t\t\t\t<\/div>\n\t\t\t\t<\/div>\n\t\t\t\t<\/div>\n\t\t\t\t\t<\/div>\n\t\t\t\t<\/div>\n\t\t<div class=\"elementor-element elementor-element-92f85d0 e-flex e-con-boxed e-con e-parent\" data-id=\"92f85d0\" data-element_type=\"container\" data-settings=\"{&quot;_ha_eqh_enable&quot;:false}\">\n\t\t\t\t\t<div class=\"e-con-inner\">\n\t\t<div class=\"elementor-element elementor-element-ef5ca88 e-con-full e-flex e-con e-child\" data-id=\"ef5ca88\" data-element_type=\"container\" data-settings=\"{&quot;background_background&quot;:&quot;classic&quot;,&quot;_ha_eqh_enable&quot;:false}\">\n\t\t\t\t<div class=\"elementor-element elementor-element-4516a07 elementor-widget elementor-widget-gva-heading-block\" data-id=\"4516a07\" data-element_type=\"widget\" data-settings=\"{&quot;_animation&quot;:&quot;none&quot;}\" data-widget_type=\"gva-heading-block.default\">\n\t\t\t\t<div class=\"elementor-widget-container\">\n\t\t\t<div class=\"gva-element-gva-heading-block gva-element\">   <div class=\"align-center style-1 widget gsc-heading box-align-left auto-responsive\">\r\n      <div class=\"content-inner\">\r\n         \r\n                  \r\n         <div class=\"sub-title\"><span class=\"tagline\">OUR TESTIMONIALS<\/span><\/div>  \r\n         \r\n                     <h2 class=\"title\">\r\n               <span>Messages that warm the heart, thank you!<\/span>\r\n            <\/h2>\r\n                  \r\n         \r\n         \r\n      <\/div>\r\n   <\/div>\r\n<\/div>\t\t<\/div>\n\t\t\t\t<\/div>\n\t\t<div class=\"elementor-element elementor-element-7b515ba row-hero e-con-full e-flex e-con e-child\" data-id=\"7b515ba\" data-element_type=\"container\" data-settings=\"{&quot;background_background&quot;:&quot;classic&quot;,&quot;_ha_eqh_enable&quot;:false}\">\n\t\t<div class=\"elementor-element elementor-element-8426597 e-con-full e-flex e-con e-child\" data-id=\"8426597\" data-element_type=\"container\" data-settings=\"{&quot;background_background&quot;:&quot;classic&quot;,&quot;_ha_eqh_enable&quot;:false}\">\n\t\t\t\t<div class=\"elementor-element elementor-element-bee61e8 ha-has-bg-overlay elementor-widget elementor-widget-gva-testimonials\" data-id=\"bee61e8\" data-element_type=\"widget\" data-widget_type=\"gva-testimonials.default\">\n\t\t\t\t<div class=\"elementor-widget-container\">\n\t\t\t<div class=\"gva-element-gva-testimonials gva-element\">\r\n<div class=\"gsc-testimonial layout-carousel swiper-slider-wrapper style-3\">\r\n   <div class=\"swiper-content-inner\">\r\n      <div class=\"init-carousel-swiper swiper col-1\" data-carousel=\"{&quot;items&quot;:1,&quot;items_lg&quot;:1,&quot;items_md&quot;:1,&quot;items_sm&quot;:1,&quot;items_xs&quot;:1,&quot;items_xx&quot;:1,&quot;effect&quot;:&quot;slide&quot;,&quot;space_between&quot;:30,&quot;loop&quot;:1,&quot;speed&quot;:1200,&quot;autoplay&quot;:0,&quot;autoplay_delay&quot;:5000,&quot;autoplay_hover&quot;:1,&quot;navigation&quot;:1,&quot;pagination&quot;:0,&quot;dynamic_bullets&quot;:0,&quot;pagination_type&quot;:&quot;bullets&quot;}\">\r\n         <div class=\"swiper-wrapper\">\r\n                           <div class=\"swiper-slide\">\r\n                 <div class=\"testimonial-item style-3 elementor-repeater-item-28a93c3\">\r\n   \r\n     \r\n\r\n    \r\n\r\n         <div class=\"testimonial-three__single\">\r\n         <div class=\"testimonial-three__content\">\r\n            <span class=\"testimonial-three__quote-icon\"><i class=\"fas fa-quote-left\"><\/i><\/span>\r\n            <div class=\"testimonial-three__quote\">\r\n               I couldn't express in words how deeply grateful I was to GAFFO, who instilled in me so much confidence and courage, proving to me that I could finally accomplish something I had wanted for so long.            <\/div>\r\n            <div class=\"testimonial-three__meta\">\r\n                              <div class=\"testimonial-three__info\">\r\n                  <h4 class=\"testimonial-three__name\">Tabassum Abidi<\/h4>\r\n                  <div class=\"testimonial-three__job\">Participant at GAFFO<\/div>\r\n               <\/div>   \r\n            <\/div>\r\n         <\/div>\r\n      <\/div>  \r\n     \r\n\r\n<\/div>\r\n\r\n               <\/div>\r\n                     <\/div>\r\n      <\/div>\r\n   <\/div>   \r\n   <div class=\"swiper-pagination\"><\/div>   <div class=\"swiper-navagation\"><div class=\"swiper-nav-prev\"><\/div><div class=\"swiper-nav-next\"><\/div><\/div><\/div>\r\n<\/div>\t\t<\/div>\n\t\t\t\t<\/div>\n\t\t\t\t<div class=\"elementor-element elementor-element-c2c6ae6 elementor-align-center elementor-widget elementor-widget-button\" data-id=\"c2c6ae6\" data-element_type=\"widget\" data-widget_type=\"button.default\">\n\t\t\t\t<div class=\"elementor-widget-container\">\n\t\t\t\t\t<div class=\"elementor-button-wrapper\">\n\t\t\t<a class=\"elementor-button elementor-button-link elementor-size-sm\" href=\"https:\/\/gaffo.com\/en\/contact-nous\/\">\n\t\t\t\t\t\t<span class=\"elementor-button-content-wrapper\">\n\t\t\t\t\t\t\t\t\t<span class=\"elementor-button-text\">CONTACT US<\/span>\n\t\t\t\t\t<\/span>\n\t\t\t\t\t<\/a>\n\t\t<\/div>\n\t\t\t\t<\/div>\n\t\t\t\t<\/div>\n\t\t\t\t<\/div>\n\t\t\t\t<\/div>\n\t\t\t\t<\/div>\n\t\t\t\t\t<\/div>\n\t\t\t\t<\/div>\n\t\t<div class=\"elementor-element elementor-element-3bbcb643 e-flex e-con-boxed e-con e-parent\" data-id=\"3bbcb643\" data-element_type=\"container\" data-settings=\"{&quot;_ha_eqh_enable&quot;:false}\">\n\t\t\t\t\t<div class=\"e-con-inner\">\n\t\t<div class=\"elementor-element elementor-element-202e495a e-con-full e-flex e-con e-child\" data-id=\"202e495a\" data-element_type=\"container\" data-settings=\"{&quot;_ha_eqh_enable&quot;:false}\">\n\t\t\t\t<div class=\"elementor-element elementor-element-65355ec4 elementor-widget elementor-widget-gva-heading-block\" data-id=\"65355ec4\" data-element_type=\"widget\" data-settings=\"{&quot;_animation&quot;:&quot;none&quot;}\" data-widget_type=\"gva-heading-block.default\">\n\t\t\t\t<div class=\"elementor-widget-container\">\n\t\t\t<div class=\"gva-element-gva-heading-block gva-element\">   <div class=\"align-center style-1 widget gsc-heading box-align-center auto-responsive\">\r\n      <div class=\"content-inner\">\r\n         \r\n                  \r\n           \r\n         \r\n                     <h2 class=\"title\">\r\n               <span>Sponsors<\/span>\r\n            <\/h2>\r\n                  \r\n         \r\n         \r\n      <\/div>\r\n   <\/div>\r\n<\/div>\t\t<\/div>\n\t\t\t\t<\/div>\n\t\t\t\t<div class=\"elementor-element elementor-element-1188592 elementor-widget-divider--view-line_icon elementor-view-default elementor-widget-divider--element-align-center elementor-widget elementor-widget-divider\" data-id=\"1188592\" data-element_type=\"widget\" data-widget_type=\"divider.default\">\n\t\t\t\t<div class=\"elementor-widget-container\">\n\t\t\t\t\t<div class=\"elementor-divider\">\n\t\t\t<span class=\"elementor-divider-separator\">\n\t\t\t\t\t\t\t<div class=\"elementor-icon elementor-divider__element\">\n\t\t\t\t\t<i aria-hidden=\"true\" class=\"wicon-handshake-2\"><\/i><\/div>\n\t\t\t\t\t\t<\/span>\n\t\t<\/div>\n\t\t\t\t<\/div>\n\t\t\t\t<\/div>\n\t\t\t\t<div class=\"elementor-element elementor-element-2fe4dd34 elementor-widget elementor-widget-html\" data-id=\"2fe4dd34\" data-element_type=\"widget\" data-widget_type=\"html.default\">\n\t\t\t\t<div class=\"elementor-widget-container\">\n\t\t\t<style>.swiper-slide-image{cursor: pointer;} <\/style>\r\n\r\n\r\n<script>\r\ndocument.addEventListener('DOMContentLoaded', function () {\r\n\r\n\r\n\/* Edit the URL Links Here *\/\r\nlet links = [\r\n    'https:\/\/www.canada.ca\/fr\/patrimoine-canadien.html',\r\n    'https:\/\/otf.ca',\r\n    'https:\/\/www.canada.ca\/fr\/femmes-egalite-genres.html',\r\n    'https:\/\/benevoles.ca',\r\n    'https:\/\/www.canada.ca\/fr\/femmes-egalite-genres.html',\r\n    'https:\/\/www.toronto.ca',\r\n\r\n];\r\n\r\ndocument.body.addEventListener('click', function (e) {\r\n\r\n    if (e.target.closest('.carousel-links .swiper-slide')){\r\n\r\n    let i = e.target.closest('.swiper-slide').getAttribute(\"data-swiper-slide-index\");\r\n\r\n    if (links[i] && links[i].length > 2){\r\n\r\n    window.open(links[i]);\r\n\r\n    }\r\n\r\n    }\r\n\r\n});\r\n\r\n});\r\n\r\n<\/script>\t\t<\/div>\n\t\t\t\t<\/div>\n\t\t\t\t<div class=\"elementor-element elementor-element-5426534b carousel-links elementor-arrows-position-inside elementor-pagination-position-outside elementor-widget elementor-widget-image-carousel\" data-id=\"5426534b\" data-element_type=\"widget\" data-settings=\"{&quot;autoplay_speed&quot;:4000,&quot;navigation&quot;:&quot;both&quot;,&quot;autoplay&quot;:&quot;yes&quot;,&quot;pause_on_hover&quot;:&quot;yes&quot;,&quot;pause_on_interaction&quot;:&quot;yes&quot;,&quot;infinite&quot;:&quot;yes&quot;,&quot;speed&quot;:500}\" data-widget_type=\"image-carousel.default\">\n\t\t\t\t<div class=\"elementor-widget-container\">\n\t\t\t\t\t<div class=\"elementor-image-carousel-wrapper swiper-container\" dir=\"ltr\">\n\t\t\t<div class=\"elementor-image-carousel swiper-wrapper\" aria-live=\"off\">\n\t\t\t\t\t\t\t\t<div class=\"swiper-slide\" role=\"group\" aria-roledescription=\"slide\" aria-label=\"1 of 6\"><figure class=\"swiper-slide-inner\"><img decoding=\"async\" class=\"swiper-slide-image\" src=\"https:\/\/gaffo.com\/wp-content\/uploads\/2024\/09\/logo-patrimoine-canadien-2.jpg\" alt=\"Patrimoine Canadien\" \/><\/figure><\/div><div class=\"swiper-slide\" role=\"group\" aria-roledescription=\"slide\" aria-label=\"2 of 6\"><figure class=\"swiper-slide-inner\"><img decoding=\"async\" class=\"swiper-slide-image\" src=\"https:\/\/gaffo.com\/wp-content\/uploads\/2024\/09\/logo-otf-1.jpg\" alt=\"Fondation Trillium de l&#039;Ontario\" \/><\/figure><\/div><div class=\"swiper-slide\" role=\"group\" aria-roledescription=\"slide\" aria-label=\"3 of 6\"><figure class=\"swiper-slide-inner\"><img decoding=\"async\" class=\"swiper-slide-image\" src=\"https:\/\/gaffo.com\/wp-content\/uploads\/2024\/09\/logo-femmes-egalite-genre-3.jpg\" alt=\"Femmes et \u00c9galit\u00e9 des genres Canada\" \/><\/figure><\/div><div class=\"swiper-slide\" role=\"group\" aria-roledescription=\"slide\" aria-label=\"4 of 6\"><figure class=\"swiper-slide-inner\"><img decoding=\"async\" class=\"swiper-slide-image\" src=\"https:\/\/gaffo.com\/wp-content\/uploads\/2024\/10\/logo-volunteer-benevoles-canada-4.jpg\" alt=\"Volunteer B\u00e9n\u00e9voles Caanda\" \/><\/figure><\/div><div class=\"swiper-slide\" role=\"group\" aria-roledescription=\"slide\" aria-label=\"5 of 6\"><figure class=\"swiper-slide-inner\"><img decoding=\"async\" class=\"swiper-slide-image\" src=\"https:\/\/gaffo.com\/wp-content\/uploads\/2024\/10\/logo-emploi-developpement-social-canada-5.jpg\" alt=\"Emploi et D\u00e9veloppement social Canada\" \/><\/figure><\/div><div class=\"swiper-slide\" role=\"group\" aria-roledescription=\"slide\" aria-label=\"6 of 6\"><figure class=\"swiper-slide-inner\"><img decoding=\"async\" class=\"swiper-slide-image\" src=\"https:\/\/gaffo.com\/wp-content\/uploads\/2024\/12\/logo-city-of-toronto.jpg\" alt=\"Toronto City\" \/><\/figure><\/div>\t\t\t<\/div>\n\t\t\t\t\t\t\t\t\t\t\t\t<div class=\"elementor-swiper-button elementor-swiper-button-prev\" role=\"button\" tabindex=\"0\">\n\t\t\t\t\t\t<i aria-hidden=\"true\" class=\"eicon-chevron-left\"><\/i>\t\t\t\t\t<\/div>\n\t\t\t\t\t<div class=\"elementor-swiper-button elementor-swiper-button-next\" role=\"button\" tabindex=\"0\">\n\t\t\t\t\t\t<i aria-hidden=\"true\" class=\"eicon-chevron-right\"><\/i>\t\t\t\t\t<\/div>\n\t\t\t\t\n\t\t\t\t\t\t\t\t\t<div class=\"swiper-pagination\"><\/div>\n\t\t\t\t\t\t\t\t\t<\/div>\n\t\t\t\t<\/div>\n\t\t\t\t<\/div>\n\t\t\t\t<\/div>\n\t\t\t\t\t<\/div>\n\t\t\t\t<\/div>\n\t\t<div class=\"elementor-element elementor-element-d6f688b e-flex e-con-boxed e-con e-parent\" data-id=\"d6f688b\" data-element_type=\"container\" data-settings=\"{&quot;background_background&quot;:&quot;classic&quot;,&quot;_ha_eqh_enable&quot;:false}\">\n\t\t\t\t\t<div class=\"e-con-inner\">\n\t\t<div class=\"elementor-element elementor-element-a1cea4c e-con-full e-flex e-con e-child\" data-id=\"a1cea4c\" data-element_type=\"container\" data-settings=\"{&quot;_ha_eqh_enable&quot;:false}\">\n\t\t\t\t<div class=\"elementor-element elementor-element-48327a7 elementor-position-left elementor-vertical-align-middle icon-box-left elementor-view-default elementor-mobile-position-top elementor-widget elementor-widget-icon-box\" data-id=\"48327a7\" data-element_type=\"widget\" data-widget_type=\"icon-box.default\">\n\t\t\t\t<div class=\"elementor-widget-container\">\n\t\t\t\t\t<div class=\"elementor-icon-box-wrapper\">\n\n\t\t\t\t\t\t<div class=\"elementor-icon-box-icon\">\n\t\t\t\t<span  class=\"elementor-icon elementor-animation-\">\n\t\t\t\t<i aria-hidden=\"true\" class=\"wicon-non-profit-organization\"><\/i>\t\t\t\t<\/span>\n\t\t\t<\/div>\n\t\t\t\n\t\t\t\t\t\t<div class=\"elementor-icon-box-content\">\n\n\t\t\t\t\t\t\t\t\t<h3 class=\"elementor-icon-box-title\">\n\t\t\t\t\t\t<span  >\n\t\t\t\t\t\t\tWe organize activities to encourage and help women.\t\t\t\t\t\t<\/span>\n\t\t\t\t\t<\/h3>\n\t\t\t\t\n\t\t\t\t\t\t\t\t\t<p class=\"elementor-icon-box-description\">\n\t\t\t\t\t\tLearn to get involved\t\t\t\t\t<\/p>\n\t\t\t\t\n\t\t\t<\/div>\n\t\t\t\n\t\t<\/div>\n\t\t\t\t<\/div>\n\t\t\t\t<\/div>\n\t\t\t\t<\/div>\n\t\t<div class=\"elementor-element elementor-element-de026e6 e-con-full e-flex e-con e-child\" data-id=\"de026e6\" data-element_type=\"container\" data-settings=\"{&quot;_ha_eqh_enable&quot;:false}\">\n\t\t\t\t<div class=\"elementor-element elementor-element-e3c434e elementor-widget__width-auto elementor-widget elementor-widget-html\" data-id=\"e3c434e\" data-element_type=\"widget\" data-widget_type=\"html.default\">\n\t\t\t\t<div class=\"elementor-widget-container\">\n\t\t\t<a class=\"btn-white\" href=\"#\">\n    MORE INFORMATION\n<\/a>\t\t<\/div>\n\t\t\t\t<\/div>\n\t\t\t\t<\/div>\n\t\t\t\t\t<\/div>\n\t\t\t\t<\/div>\n\t\t\t\t<\/div>","protected":false},"excerpt":{"rendered":"<p>Notre vision Groupe d&#039;Action F\u00e9minin Francophone de l\u2019Ontario La Vision de GAFFO Notre vision est de lutter contre le racisme dans l&#8217;acc\u00e8s au logement, \u00e0 l&#8217;emploi, dans les \u00e9coles et [&hellip;]<\/p>","protected":false},"author":1,"featured_media":0,"parent":0,"menu_order":0,"comment_status":"closed","ping_status":"closed","template":"","meta":{"footnotes":""},"class_list":["post-23","page","type-page","status-publish","hentry"],"_links":{"self":[{"href":"https:\/\/gaffo.com\/en\/wp-json\/wp\/v2\/pages\/23","targetHints":{"allow":["GET"]}}],"collection":[{"href":"https:\/\/gaffo.com\/en\/wp-json\/wp\/v2\/pages"}],"about":[{"href":"https:\/\/gaffo.com\/en\/wp-json\/wp\/v2\/types\/page"}],"author":[{"embeddable":true,"href":"https:\/\/gaffo.com\/en\/wp-json\/wp\/v2\/users\/1"}],"replies":[{"embeddable":true,"href":"https:\/\/gaffo.com\/en\/wp-json\/wp\/v2\/comments?post=23"}],"version-history":[{"count":92,"href":"https:\/\/gaffo.com\/en\/wp-json\/wp\/v2\/pages\/23\/revisions"}],"predecessor-version":[{"id":2510,"href":"https:\/\/gaffo.com\/en\/wp-json\/wp\/v2\/pages\/23\/revisions\/2510"}],"wp:attachment":[{"href":"https:\/\/gaffo.com\/en\/wp-json\/wp\/v2\/media?parent=23"}],"curies":[{"name":"wp","href":"https:\/\/api.w.org\/{rel}","templated":true}]}}