{"id":842,"date":"2024-10-11T07:19:33","date_gmt":"2024-10-11T07:19:33","guid":{"rendered":"https:\/\/gaffo.com\/?page_id=842"},"modified":"2025-02-26T03:40:37","modified_gmt":"2025-02-26T03:40:37","slug":"galerie-gaffo","status":"publish","type":"page","link":"https:\/\/gaffo.com\/en\/galerie-gaffo\/","title":{"rendered":"Gallery"},"content":{"rendered":"<div data-elementor-type=\"wp-page\" data-elementor-id=\"842\" class=\"elementor elementor-842\" data-elementor-settings=\"{&quot;ha_cmc_init_switcher&quot;:&quot;no&quot;}\">\n\t\t\t\t<div class=\"elementor-element elementor-element-697ea8c e-con-full e-flex e-con e-parent\" data-id=\"697ea8c\" data-element_type=\"container\" data-settings=\"{&quot;_ha_eqh_enable&quot;:false}\">\n\t\t<div class=\"elementor-element elementor-element-c025c27 e-con-full e-flex e-con e-child\" data-id=\"c025c27\" data-element_type=\"container\" data-settings=\"{&quot;_ha_eqh_enable&quot;:false}\">\n\t\t\t\t<div class=\"elementor-element elementor-element-d582bba elementor-widget elementor-widget-gva_post_breadcrumb\" data-id=\"d582bba\" data-element_type=\"widget\" data-widget_type=\"gva_post_breadcrumb.default\">\n\t\t\t\t<div class=\"elementor-widget-container\">\n\t\t\t<div class=\"gva-element-gva_post_breadcrumb gva-element\">   \r\n<div class=\"post-breadcrumb\">\r\n   <div class=\"custom-breadcrumb\" >\r\n               <div class=\"breadcrumb-overlay\" style=\"\"><\/div>\r\n            <div class=\"breadcrumb-main\">\r\n        <div class=\"container\">\r\n          <div class=\"breadcrumb-container-inner align-center\">\r\n            <h2 class=\"heading-title\">Gallery<\/h2>          <\/div>  \r\n        <\/div>   \r\n      <\/div>  \r\n   <\/div>\r\n<\/div>      \r\n\r\n<\/div>\t\t<\/div>\n\t\t\t\t<\/div>\n\t\t\t\t<\/div>\n\t\t\t\t<\/div>\n\t\t<div class=\"elementor-element elementor-element-a7b1970 e-flex e-con-boxed e-con e-parent\" data-id=\"a7b1970\" data-element_type=\"container\" data-settings=\"{&quot;_ha_eqh_enable&quot;:false}\">\n\t\t\t\t\t<div class=\"e-con-inner\">\n\t\t<div class=\"elementor-element elementor-element-ef0e72a e-con-full e-flex e-con e-child\" data-id=\"ef0e72a\" data-element_type=\"container\" data-settings=\"{&quot;background_background&quot;:&quot;classic&quot;,&quot;_ha_eqh_enable&quot;:false}\">\n\t\t<div class=\"elementor-element elementor-element-088229f e-con-full e-flex e-con e-child\" data-id=\"088229f\" data-element_type=\"container\" data-settings=\"{&quot;_ha_eqh_enable&quot;:false}\">\n\t\t<div class=\"elementor-element elementor-element-35ce11a e-con-full e-flex e-con e-child\" data-id=\"35ce11a\" data-element_type=\"container\" data-settings=\"{&quot;_ha_eqh_enable&quot;:false}\">\n\t\t<div class=\"elementor-element elementor-element-9813bd4 e-con-full e-flex e-con e-child\" data-id=\"9813bd4\" data-element_type=\"container\" data-settings=\"{&quot;_ha_eqh_enable&quot;:false}\">\n\t\t\t\t<div class=\"elementor-element elementor-element-f50466b elementor-widget elementor-widget-gva-heading-block\" data-id=\"f50466b\" data-element_type=\"widget\" data-settings=\"{&quot;_animation&quot;:&quot;none&quot;}\" data-widget_type=\"gva-heading-block.default\">\n\t\t\t\t<div class=\"elementor-widget-container\">\n\t\t\t<div class=\"gva-element-gva-heading-block gva-element\">   <div class=\"align- style-1 widget gsc-heading box-align- auto-responsive\">\r\n      <div class=\"content-inner\">\r\n         \r\n                  \r\n         <div class=\"sub-title\"><span class=\"tagline\">GAFFO<\/span><\/div>  \r\n         \r\n                     <h2 class=\"title\">\r\n               <span>Our memorable activities<\/span>\r\n            <\/h2>\r\n                  \r\n                     <div class=\"title-desc\">We organize activities in the community to encourage and help women.<\/div>\r\n         \r\n         \r\n      <\/div>\r\n   <\/div>\r\n<\/div>\t\t<\/div>\n\t\t\t\t<\/div>\n\t\t\t\t<\/div>\n\t\t\t\t<\/div>\n\t\t\t\t<\/div>\n\t\t\t\t<\/div>\n\t\t\t\t\t<\/div>\n\t\t\t\t<\/div>\n\t\t<div class=\"elementor-element elementor-element-1423cc5 e-flex e-con-boxed elementor-invisible e-con e-parent\" data-id=\"1423cc5\" data-element_type=\"container\" data-settings=\"{&quot;animation&quot;:&quot;fadeIn&quot;,&quot;_ha_eqh_enable&quot;:false}\">\n\t\t\t\t\t<div class=\"e-con-inner\">\n\t\t<div class=\"elementor-element elementor-element-9eb8062 e-con-full e-flex e-con e-child\" data-id=\"9eb8062\" data-element_type=\"container\" data-settings=\"{&quot;_ha_eqh_enable&quot;:false}\">\n\t\t\t\t<div class=\"elementor-element elementor-element-5e5947a elementor-widget elementor-widget-gva-gallery\" data-id=\"5e5947a\" data-element_type=\"widget\" data-widget_type=\"gva-gallery.default\">\n\t\t\t\t<div class=\"elementor-widget-container\">\n\t\t\t<div class=\"gva-element-gva-gallery gva-element\">  \r\n<div class=\"gva-gallery-grid clearfix\">\r\n\t<div class=\"gva-content-items\"> \r\n\t  \t<div class=\"lg-block-grid-3 md-block-grid-3 sm-block-grid-2 xs-block-grid-2 xx-block-grid-1\">\r\n\t\t \t<div class=\"item\"><div class=\"gallery-one__single\"><div class=\"gallery-one__image\"><img decoding=\"async\" src=\"https:\/\/gaffo.com\/wp-content\/uploads\/2024\/10\/peinture-5-1024x683-1-580x580.jpg\" alt=\"GAFFO\" \/><\/div><a class=\"gallery-one__photo photo-gallery\" href=\"https:\/\/gaffo.com\/wp-content\/uploads\/2024\/10\/peinture-5-1024x683-1.jpg\" data-elementor-lightbox-slideshow=\"gallery-uro6\"><\/a><div class=\"gallery-one__content\"><div class=\"gallery-one__content-inner\"><h3 class=\"gallery-one__title\">GAFFO<\/h3><div class=\"gallery-one__sub-title\">Photos<\/div><\/div><\/div><\/div><\/div><div class=\"item\"><div class=\"gallery-one__single\"><div class=\"gallery-one__image\"><img decoding=\"async\" src=\"https:\/\/gaffo.com\/wp-content\/uploads\/2024\/10\/peinture-890x1024-1-580x580.jpg\" alt=\"GAFFO\" \/><\/div><a class=\"gallery-one__photo photo-gallery\" href=\"http:\/\/gaffo.com\/wp-content\/uploads\/2024\/10\/peinture-890x1024-1.jpg\" data-elementor-lightbox-slideshow=\"gallery-uro6\"><\/a><div class=\"gallery-one__content\"><div class=\"gallery-one__content-inner\"><h3 class=\"gallery-one__title\">GAFFO<\/h3><div class=\"gallery-one__sub-title\">Photos<\/div><\/div><\/div><\/div><\/div><div class=\"item\"><div class=\"gallery-one__single\"><div class=\"gallery-one__image\"><img decoding=\"async\" src=\"https:\/\/gaffo.com\/wp-content\/uploads\/2024\/10\/peinture-6-1024x683-1-580x580.jpg\" alt=\"GAFFO\" \/><\/div><a class=\"gallery-one__photo photo-gallery\" href=\"http:\/\/gaffo.com\/wp-content\/uploads\/2024\/10\/peinture-6-1024x683-1.jpg\" data-elementor-lightbox-slideshow=\"gallery-uro6\"><\/a><div class=\"gallery-one__content\"><div class=\"gallery-one__content-inner\"><h3 class=\"gallery-one__title\">GAFFO<\/h3><div class=\"gallery-one__sub-title\">Photos<\/div><\/div><\/div><\/div><\/div><div class=\"item\"><div class=\"gallery-one__single\"><div class=\"gallery-one__image\"><img decoding=\"async\" src=\"https:\/\/gaffo.com\/wp-content\/uploads\/2024\/10\/gaffoo-1-1024x683-1-580x580.jpg\" alt=\"GAFFO\" \/><\/div><a class=\"gallery-one__photo photo-gallery\" href=\"http:\/\/gaffo.com\/wp-content\/uploads\/2024\/10\/gaffoo-1-1024x683-1.jpg\" data-elementor-lightbox-slideshow=\"gallery-uro6\"><\/a><div class=\"gallery-one__content\"><div class=\"gallery-one__content-inner\"><h3 class=\"gallery-one__title\">GAFFO<\/h3><div class=\"gallery-one__sub-title\">Photos<\/div><\/div><\/div><\/div><\/div><div class=\"item\"><div class=\"gallery-one__single\"><div class=\"gallery-one__image\"><img decoding=\"async\" src=\"https:\/\/gaffo.com\/wp-content\/uploads\/2024\/10\/gaffojob-1024x683-1-580x580.jpg\" alt=\"GAFFO\" \/><\/div><a class=\"gallery-one__photo photo-gallery\" href=\"http:\/\/gaffo.com\/wp-content\/uploads\/2024\/10\/gaffojob-1024x683-1.jpg\" data-elementor-lightbox-slideshow=\"gallery-uro6\"><\/a><div class=\"gallery-one__content\"><div class=\"gallery-one__content-inner\"><h3 class=\"gallery-one__title\">GAFFO<\/h3><div class=\"gallery-one__sub-title\">Photos<\/div><\/div><\/div><\/div><\/div><div class=\"item\"><div class=\"gallery-one__single\"><div class=\"gallery-one__image\"><img decoding=\"async\" src=\"https:\/\/gaffo.com\/wp-content\/uploads\/2024\/10\/cuisine-gaffo-c-1024x660-1-580x580.jpg\" alt=\"GAFFO\" \/><\/div><a class=\"gallery-one__photo photo-gallery\" href=\"http:\/\/gaffo.com\/wp-content\/uploads\/2024\/10\/cuisine-gaffo-c-1024x660-1.jpg\" data-elementor-lightbox-slideshow=\"gallery-uro6\"><\/a><div class=\"gallery-one__content\"><div class=\"gallery-one__content-inner\"><h3 class=\"gallery-one__title\">GAFFO<\/h3><div class=\"gallery-one__sub-title\">Photos<\/div><\/div><\/div><\/div><\/div><div class=\"item\"><div class=\"gallery-one__single\"><div class=\"gallery-one__image\"><img decoding=\"async\" src=\"https:\/\/gaffo.com\/wp-content\/uploads\/2024\/10\/poterie-1-1024x683-1-580x580.jpg\" alt=\"GAFFO\" \/><\/div><a class=\"gallery-one__photo photo-gallery\" href=\"http:\/\/gaffo.com\/wp-content\/uploads\/2024\/10\/poterie-1-1024x683-1.jpg\" data-elementor-lightbox-slideshow=\"gallery-uro6\"><\/a><div class=\"gallery-one__content\"><div class=\"gallery-one__content-inner\"><h3 class=\"gallery-one__title\">GAFFO<\/h3><div class=\"gallery-one__sub-title\">Pottery<\/div><\/div><\/div><\/div><\/div><div class=\"item\"><div class=\"gallery-one__single\"><div class=\"gallery-one__image\"><img decoding=\"async\" src=\"https:\/\/gaffo.com\/wp-content\/uploads\/2024\/10\/poterie-5-1024x683-1-580x580.jpg\" alt=\"GAFFO\" \/><\/div><a class=\"gallery-one__photo photo-gallery\" href=\"http:\/\/gaffo.com\/wp-content\/uploads\/2024\/10\/poterie-5-1024x683-1.jpg\" data-elementor-lightbox-slideshow=\"gallery-uro6\"><\/a><div class=\"gallery-one__content\"><div class=\"gallery-one__content-inner\"><h3 class=\"gallery-one__title\">GAFFO<\/h3><div class=\"gallery-one__sub-title\">Pottery<\/div><\/div><\/div><\/div><\/div><div class=\"item\"><div class=\"gallery-one__single\"><div class=\"gallery-one__image\"><img decoding=\"async\" src=\"https:\/\/gaffo.com\/wp-content\/uploads\/2024\/10\/poterie-6-1024x683-1-580x580.jpg\" alt=\"GAFFO\" \/><\/div><a class=\"gallery-one__photo photo-gallery\" href=\"http:\/\/gaffo.com\/wp-content\/uploads\/2024\/10\/poterie-6-1024x683-1.jpg\" data-elementor-lightbox-slideshow=\"gallery-uro6\"><\/a><div class=\"gallery-one__content\"><div class=\"gallery-one__content-inner\"><h3 class=\"gallery-one__title\">GAFFO<\/h3><div class=\"gallery-one__sub-title\">Pottery<\/div><\/div><\/div><\/div><\/div><div class=\"item\"><div class=\"gallery-one__single\"><div class=\"gallery-one__image\"><img decoding=\"async\" src=\"https:\/\/gaffo.com\/wp-content\/uploads\/2024\/10\/poterie-890x1024-1-580x580.jpg\" alt=\"GAFFO\" \/><\/div><a class=\"gallery-one__photo photo-gallery\" href=\"http:\/\/gaffo.com\/wp-content\/uploads\/2024\/10\/poterie-890x1024-1.jpg\" data-elementor-lightbox-slideshow=\"gallery-uro6\"><\/a><div class=\"gallery-one__content\"><div class=\"gallery-one__content-inner\"><h3 class=\"gallery-one__title\">GAFFO<\/h3><div class=\"gallery-one__sub-title\">Pottery<\/div><\/div><\/div><\/div><\/div><div class=\"item\"><div class=\"gallery-one__single\"><div class=\"gallery-one__image\"><img decoding=\"async\" src=\"https:\/\/gaffo.com\/wp-content\/uploads\/2024\/10\/poterie-3-1024x683-1-580x580.jpg\" alt=\"GAFFO\" \/><\/div><a class=\"gallery-one__photo photo-gallery\" href=\"http:\/\/gaffo.com\/wp-content\/uploads\/2024\/10\/poterie-3-1024x683-1.jpg\" data-elementor-lightbox-slideshow=\"gallery-uro6\"><\/a><div class=\"gallery-one__content\"><div class=\"gallery-one__content-inner\"><h3 class=\"gallery-one__title\">GAFFO<\/h3><div class=\"gallery-one__sub-title\">Pottery<\/div><\/div><\/div><\/div><\/div><div class=\"item\"><div class=\"gallery-one__single\"><div class=\"gallery-one__image\"><img decoding=\"async\" src=\"https:\/\/gaffo.com\/wp-content\/uploads\/2024\/10\/poterie-2-1024x683-1-580x580.jpg\" alt=\"GAFFO\" \/><\/div><a class=\"gallery-one__photo photo-gallery\" href=\"http:\/\/gaffo.com\/wp-content\/uploads\/2024\/10\/poterie-2-1024x683-1.jpg\" data-elementor-lightbox-slideshow=\"gallery-uro6\"><\/a><div class=\"gallery-one__content\"><div class=\"gallery-one__content-inner\"><h3 class=\"gallery-one__title\">GAFFO<\/h3><div class=\"gallery-one__sub-title\">Cuisine<\/div><\/div><\/div><\/div><\/div><div class=\"item\"><div class=\"gallery-one__single\"><div class=\"gallery-one__image\"><img decoding=\"async\" src=\"https:\/\/gaffo.com\/wp-content\/uploads\/2024\/10\/cuisine-gaffo-1024x660-1-580x580.jpg\" alt=\"GAFFO\" \/><\/div><a class=\"gallery-one__photo photo-gallery\" href=\"http:\/\/gaffo.com\/wp-content\/uploads\/2024\/10\/cuisine-gaffo-1024x660-1.jpg\" data-elementor-lightbox-slideshow=\"gallery-uro6\"><\/a><div class=\"gallery-one__content\"><div class=\"gallery-one__content-inner\"><h3 class=\"gallery-one__title\">GAFFO<\/h3><div class=\"gallery-one__sub-title\">Cuisine<\/div><\/div><\/div><\/div><\/div><div class=\"item\"><div class=\"gallery-one__single\"><div class=\"gallery-one__image\"><img decoding=\"async\" src=\"https:\/\/gaffo.com\/wp-content\/uploads\/2024\/10\/cuisine-c-1024x660-1-580x580.jpg\" alt=\"GAFFO\" \/><\/div><a class=\"gallery-one__photo photo-gallery\" href=\"http:\/\/gaffo.com\/wp-content\/uploads\/2024\/10\/cuisine-c-1024x660-1.jpg\" data-elementor-lightbox-slideshow=\"gallery-uro6\"><\/a><div class=\"gallery-one__content\"><div class=\"gallery-one__content-inner\"><h3 class=\"gallery-one__title\">GAFFO<\/h3><div class=\"gallery-one__sub-title\">Cuisine<\/div><\/div><\/div><\/div><\/div><div class=\"item\"><div class=\"gallery-one__single\"><div class=\"gallery-one__image\"><img decoding=\"async\" src=\"https:\/\/gaffo.com\/wp-content\/uploads\/2024\/10\/cuisines-c-1024x660-1-580x580.jpg\" alt=\"GAFFO\" \/><\/div><a class=\"gallery-one__photo photo-gallery\" href=\"http:\/\/gaffo.com\/wp-content\/uploads\/2024\/10\/cuisines-c-1024x660-1.jpg\" data-elementor-lightbox-slideshow=\"gallery-uro6\"><\/a><div class=\"gallery-one__content\"><div class=\"gallery-one__content-inner\"><h3 class=\"gallery-one__title\">GAFFO<\/h3><div class=\"gallery-one__sub-title\">Cuisine<\/div><\/div><\/div><\/div><\/div><div class=\"item\"><div class=\"gallery-one__single\"><div class=\"gallery-one__image\"><img decoding=\"async\" src=\"https:\/\/gaffo.com\/wp-content\/uploads\/2024\/10\/formation-890x1024-1-580x580.jpg\" alt=\"GAFFO\" \/><\/div><a class=\"gallery-one__photo photo-gallery\" href=\"http:\/\/gaffo.com\/wp-content\/uploads\/2024\/10\/formation-890x1024-1.jpg\" data-elementor-lightbox-slideshow=\"gallery-uro6\"><\/a><div class=\"gallery-one__content\"><div class=\"gallery-one__content-inner\"><h3 class=\"gallery-one__title\">GAFFO<\/h3><div class=\"gallery-one__sub-title\">Knitting<\/div><\/div><\/div><\/div><\/div><div class=\"item\"><div class=\"gallery-one__single\"><div class=\"gallery-one__image\"><img decoding=\"async\" src=\"https:\/\/gaffo.com\/wp-content\/uploads\/2024\/10\/bchj-1024x683-1024x683-1-580x580.jpg\" alt=\"GAFFO\" \/><\/div><a class=\"gallery-one__photo photo-gallery\" href=\"http:\/\/gaffo.com\/wp-content\/uploads\/2024\/10\/bchj-1024x683-1024x683-1.jpg\" data-elementor-lightbox-slideshow=\"gallery-uro6\"><\/a><div class=\"gallery-one__content\"><div class=\"gallery-one__content-inner\"><h3 class=\"gallery-one__title\">GAFFO<\/h3><div class=\"gallery-one__sub-title\">Knitting<\/div><\/div><\/div><\/div><\/div><div class=\"item\"><div class=\"gallery-one__single\"><div class=\"gallery-one__image\"><img decoding=\"async\" src=\"https:\/\/gaffo.com\/wp-content\/uploads\/2024\/10\/Gaffo-a-propos-1024x683-1-580x580.jpg\" alt=\"GAFFO\" \/><\/div><a class=\"gallery-one__photo photo-gallery\" href=\"http:\/\/gaffo.com\/wp-content\/uploads\/2024\/10\/Gaffo-a-propos-1024x683-1.jpg\" data-elementor-lightbox-slideshow=\"gallery-uro6\"><\/a><div class=\"gallery-one__content\"><div class=\"gallery-one__content-inner\"><h3 class=\"gallery-one__title\">GAFFO<\/h3><div class=\"gallery-one__sub-title\">Knitting<\/div><\/div><\/div><\/div><\/div>\t  \t<\/div>\r\n\t<\/div>\r\n<\/div>\r\n<\/div>\t\t<\/div>\n\t\t\t\t<\/div>\n\t\t\t\t<div class=\"elementor-element elementor-element-52bd279 elementor-align-center elementor-widget elementor-widget-button\" data-id=\"52bd279\" data-element_type=\"widget\" data-widget_type=\"button.default\">\n\t\t\t\t<div class=\"elementor-widget-container\">\n\t\t\t\t\t<div class=\"elementor-button-wrapper\">\n\t\t\t<a class=\"elementor-button elementor-button-link elementor-size-sm\" href=\"https:\/\/www.facebook.com\/centregaffo\">\n\t\t\t\t\t\t<span class=\"elementor-button-content-wrapper\">\n\t\t\t\t\t\t\t\t\t<span class=\"elementor-button-text\">MORE PHOTOS<\/span>\n\t\t\t\t\t<\/span>\n\t\t\t\t\t<\/a>\n\t\t<\/div>\n\t\t\t\t<\/div>\n\t\t\t\t<\/div>\n\t\t\t\t<\/div>\n\t\t\t\t\t<\/div>\n\t\t\t\t<\/div>\n\t\t<div class=\"elementor-element elementor-element-515942e1 e-flex e-con-boxed e-con e-parent\" data-id=\"515942e1\" data-element_type=\"container\" data-settings=\"{&quot;_ha_eqh_enable&quot;:false}\">\n\t\t\t\t\t<div class=\"e-con-inner\">\n\t\t<div class=\"elementor-element elementor-element-8af60b9 e-con-full e-flex e-con e-child\" data-id=\"8af60b9\" data-element_type=\"container\" data-settings=\"{&quot;_ha_eqh_enable&quot;:false}\">\n\t\t\t\t<div class=\"elementor-element elementor-element-52f57f16 elementor-widget elementor-widget-gva-heading-block\" data-id=\"52f57f16\" data-element_type=\"widget\" data-settings=\"{&quot;_animation&quot;:&quot;none&quot;}\" data-widget_type=\"gva-heading-block.default\">\n\t\t\t\t<div class=\"elementor-widget-container\">\n\t\t\t<div class=\"gva-element-gva-heading-block gva-element\">   <div class=\"align-center style-1 widget gsc-heading box-align-center auto-responsive\">\r\n      <div class=\"content-inner\">\r\n         \r\n                  \r\n           \r\n         \r\n                     <h2 class=\"title\">\r\n               <span>Sponsors<\/span>\r\n            <\/h2>\r\n                  \r\n         \r\n         \r\n      <\/div>\r\n   <\/div>\r\n<\/div>\t\t<\/div>\n\t\t\t\t<\/div>\n\t\t\t\t<div class=\"elementor-element elementor-element-5cf67ea3 elementor-widget-divider--view-line_icon elementor-view-default elementor-widget-divider--element-align-center elementor-widget elementor-widget-divider\" data-id=\"5cf67ea3\" data-element_type=\"widget\" data-widget_type=\"divider.default\">\n\t\t\t\t<div class=\"elementor-widget-container\">\n\t\t\t\t\t<div class=\"elementor-divider\">\n\t\t\t<span class=\"elementor-divider-separator\">\n\t\t\t\t\t\t\t<div class=\"elementor-icon elementor-divider__element\">\n\t\t\t\t\t<i aria-hidden=\"true\" class=\"wicon-handshake-2\"><\/i><\/div>\n\t\t\t\t\t\t<\/span>\n\t\t<\/div>\n\t\t\t\t<\/div>\n\t\t\t\t<\/div>\n\t\t\t\t<div class=\"elementor-element elementor-element-77ce3b9e elementor-widget elementor-widget-html\" data-id=\"77ce3b9e\" data-element_type=\"widget\" data-widget_type=\"html.default\">\n\t\t\t\t<div class=\"elementor-widget-container\">\n\t\t\t<style>.swiper-slide-image{cursor: pointer;} <\/style>\r\n\r\n\r\n<script>\r\ndocument.addEventListener('DOMContentLoaded', function () {\r\n\r\n\r\n\/* Edit the URL Links Here *\/\r\nlet links = [\r\n    'https:\/\/www.canada.ca\/fr\/patrimoine-canadien.html',\r\n    'https:\/\/otf.ca',\r\n    'https:\/\/www.canada.ca\/fr\/femmes-egalite-genres.html',\r\n    'https:\/\/benevoles.ca',\r\n    'https:\/\/www.canada.ca\/fr\/femmes-egalite-genres.html',\r\n    'https:\/\/www.toronto.ca',\r\n\r\n];\r\n\r\ndocument.body.addEventListener('click', function (e) {\r\n\r\n    if (e.target.closest('.carousel-links .swiper-slide')){\r\n\r\n    let i = e.target.closest('.swiper-slide').getAttribute(\"data-swiper-slide-index\");\r\n\r\n    if (links[i] && links[i].length > 2){\r\n\r\n    window.open(links[i]);\r\n\r\n    }\r\n\r\n    }\r\n\r\n});\r\n\r\n});\r\n\r\n<\/script>\t\t<\/div>\n\t\t\t\t<\/div>\n\t\t\t\t<div class=\"elementor-element elementor-element-1a6fc9e3 carousel-links elementor-arrows-position-inside elementor-pagination-position-outside elementor-widget elementor-widget-image-carousel\" data-id=\"1a6fc9e3\" data-element_type=\"widget\" data-settings=\"{&quot;autoplay_speed&quot;:4000,&quot;navigation&quot;:&quot;both&quot;,&quot;autoplay&quot;:&quot;yes&quot;,&quot;pause_on_hover&quot;:&quot;yes&quot;,&quot;pause_on_interaction&quot;:&quot;yes&quot;,&quot;infinite&quot;:&quot;yes&quot;,&quot;speed&quot;:500}\" data-widget_type=\"image-carousel.default\">\n\t\t\t\t<div class=\"elementor-widget-container\">\n\t\t\t\t\t<div class=\"elementor-image-carousel-wrapper swiper-container\" dir=\"ltr\">\n\t\t\t<div class=\"elementor-image-carousel swiper-wrapper\" aria-live=\"off\">\n\t\t\t\t\t\t\t\t<div class=\"swiper-slide\" role=\"group\" aria-roledescription=\"slide\" aria-label=\"1 of 6\"><figure class=\"swiper-slide-inner\"><img decoding=\"async\" class=\"swiper-slide-image\" src=\"https:\/\/gaffo.com\/wp-content\/uploads\/2024\/09\/logo-patrimoine-canadien-2.jpg\" alt=\"Patrimoine Canadien\" \/><\/figure><\/div><div class=\"swiper-slide\" role=\"group\" aria-roledescription=\"slide\" aria-label=\"2 of 6\"><figure class=\"swiper-slide-inner\"><img decoding=\"async\" class=\"swiper-slide-image\" src=\"https:\/\/gaffo.com\/wp-content\/uploads\/2024\/09\/logo-otf-1.jpg\" alt=\"Fondation Trillium de l&#039;Ontario\" \/><\/figure><\/div><div class=\"swiper-slide\" role=\"group\" aria-roledescription=\"slide\" aria-label=\"3 of 6\"><figure class=\"swiper-slide-inner\"><img decoding=\"async\" class=\"swiper-slide-image\" src=\"https:\/\/gaffo.com\/wp-content\/uploads\/2024\/09\/logo-femmes-egalite-genre-3.jpg\" alt=\"Femmes et \u00c9galit\u00e9 des genres Canada\" \/><\/figure><\/div><div class=\"swiper-slide\" role=\"group\" aria-roledescription=\"slide\" aria-label=\"4 of 6\"><figure class=\"swiper-slide-inner\"><img decoding=\"async\" class=\"swiper-slide-image\" src=\"https:\/\/gaffo.com\/wp-content\/uploads\/2024\/10\/logo-volunteer-benevoles-canada-4.jpg\" alt=\"Volunteer B\u00e9n\u00e9voles Caanda\" \/><\/figure><\/div><div class=\"swiper-slide\" role=\"group\" aria-roledescription=\"slide\" aria-label=\"5 of 6\"><figure class=\"swiper-slide-inner\"><img decoding=\"async\" class=\"swiper-slide-image\" src=\"https:\/\/gaffo.com\/wp-content\/uploads\/2024\/10\/logo-emploi-developpement-social-canada-5.jpg\" alt=\"Emploi et D\u00e9veloppement social Canada\" \/><\/figure><\/div><div class=\"swiper-slide\" role=\"group\" aria-roledescription=\"slide\" aria-label=\"6 of 6\"><figure class=\"swiper-slide-inner\"><img decoding=\"async\" class=\"swiper-slide-image\" src=\"https:\/\/gaffo.com\/wp-content\/uploads\/2024\/12\/logo-city-of-toronto.jpg\" alt=\"Toronto City\" \/><\/figure><\/div>\t\t\t<\/div>\n\t\t\t\t\t\t\t\t\t\t\t\t<div class=\"elementor-swiper-button elementor-swiper-button-prev\" role=\"button\" tabindex=\"0\">\n\t\t\t\t\t\t<i aria-hidden=\"true\" class=\"eicon-chevron-left\"><\/i>\t\t\t\t\t<\/div>\n\t\t\t\t\t<div class=\"elementor-swiper-button elementor-swiper-button-next\" role=\"button\" tabindex=\"0\">\n\t\t\t\t\t\t<i aria-hidden=\"true\" class=\"eicon-chevron-right\"><\/i>\t\t\t\t\t<\/div>\n\t\t\t\t\n\t\t\t\t\t\t\t\t\t<div class=\"swiper-pagination\"><\/div>\n\t\t\t\t\t\t\t\t\t<\/div>\n\t\t\t\t<\/div>\n\t\t\t\t<\/div>\n\t\t\t\t<\/div>\n\t\t\t\t\t<\/div>\n\t\t\t\t<\/div>\n\t\t\t\t<\/div>","protected":false},"excerpt":{"rendered":"<p>Galerie Le GAFFO Nos activit\u00e9s m\u00e9morables Nous organisons des activit\u00e9s dans la communaut\u00e9 pour encourager et aider les femmes. GAFFO Photos GAFFO Photos GAFFO Photos GAFFO Photos GAFFO Photos GAFFO [&hellip;]<\/p>","protected":false},"author":1,"featured_media":0,"parent":0,"menu_order":0,"comment_status":"closed","ping_status":"closed","template":"","meta":{"footnotes":""},"class_list":["post-842","page","type-page","status-publish","hentry"],"_links":{"self":[{"href":"https:\/\/gaffo.com\/en\/wp-json\/wp\/v2\/pages\/842","targetHints":{"allow":["GET"]}}],"collection":[{"href":"https:\/\/gaffo.com\/en\/wp-json\/wp\/v2\/pages"}],"about":[{"href":"https:\/\/gaffo.com\/en\/wp-json\/wp\/v2\/types\/page"}],"author":[{"embeddable":true,"href":"https:\/\/gaffo.com\/en\/wp-json\/wp\/v2\/users\/1"}],"replies":[{"embeddable":true,"href":"https:\/\/gaffo.com\/en\/wp-json\/wp\/v2\/comments?post=842"}],"version-history":[{"count":32,"href":"https:\/\/gaffo.com\/en\/wp-json\/wp\/v2\/pages\/842\/revisions"}],"predecessor-version":[{"id":2534,"href":"https:\/\/gaffo.com\/en\/wp-json\/wp\/v2\/pages\/842\/revisions\/2534"}],"wp:attachment":[{"href":"https:\/\/gaffo.com\/en\/wp-json\/wp\/v2\/media?parent=842"}],"curies":[{"name":"wp","href":"https:\/\/api.w.org\/{rel}","templated":true}]}}