{"id":967,"date":"2024-10-11T21:09:01","date_gmt":"2024-10-11T21:09:01","guid":{"rendered":"https:\/\/gaffo.com\/?page_id=967"},"modified":"2025-05-03T00:39:42","modified_gmt":"2025-05-03T00:39:42","slug":"actualites","status":"publish","type":"page","link":"https:\/\/gaffo.com\/en\/actualites\/","title":{"rendered":"News"},"content":{"rendered":"<div data-elementor-type=\"wp-page\" data-elementor-id=\"967\" class=\"elementor elementor-967\" data-elementor-settings=\"{&quot;ha_cmc_init_switcher&quot;:&quot;no&quot;}\">\n\t\t\t\t<div class=\"elementor-element elementor-element-b9e883a e-con-full e-flex e-con e-parent\" data-id=\"b9e883a\" data-element_type=\"container\" data-settings=\"{&quot;_ha_eqh_enable&quot;:false}\">\n\t\t<div class=\"elementor-element elementor-element-556bfdb e-con-full e-flex e-con e-child\" data-id=\"556bfdb\" data-element_type=\"container\" data-settings=\"{&quot;_ha_eqh_enable&quot;:false}\">\n\t\t\t\t<div class=\"elementor-element elementor-element-4fb0b14 elementor-widget elementor-widget-gva_post_breadcrumb\" data-id=\"4fb0b14\" data-element_type=\"widget\" data-widget_type=\"gva_post_breadcrumb.default\">\n\t\t\t\t<div class=\"elementor-widget-container\">\n\t\t\t<div class=\"gva-element-gva_post_breadcrumb gva-element\">   \r\n<div class=\"post-breadcrumb\">\r\n   <div class=\"custom-breadcrumb\" >\r\n               <div class=\"breadcrumb-overlay\" style=\"\"><\/div>\r\n            <div class=\"breadcrumb-main\">\r\n        <div class=\"container\">\r\n          <div class=\"breadcrumb-container-inner align-center\">\r\n            <h2 class=\"heading-title\">News<\/h2>          <\/div>  \r\n        <\/div>   \r\n      <\/div>  \r\n   <\/div>\r\n<\/div>      \r\n\r\n<\/div>\t\t<\/div>\n\t\t\t\t<\/div>\n\t\t\t\t<\/div>\n\t\t\t\t<\/div>\n\t\t<div class=\"elementor-element elementor-element-a8b8f55 e-flex e-con-boxed e-con e-parent\" data-id=\"a8b8f55\" data-element_type=\"container\" data-settings=\"{&quot;_ha_eqh_enable&quot;:false}\">\n\t\t\t\t\t<div class=\"e-con-inner\">\n\t\t<div class=\"elementor-element elementor-element-9f7eea0 e-con-full e-flex e-con e-child\" data-id=\"9f7eea0\" data-element_type=\"container\" data-settings=\"{&quot;_ha_eqh_enable&quot;:false}\">\n\t\t\t\t<div class=\"elementor-element elementor-element-b5af4fa elementor-widget elementor-widget-gva-heading-block\" data-id=\"b5af4fa\" data-element_type=\"widget\" data-settings=\"{&quot;_animation&quot;:&quot;none&quot;}\" data-widget_type=\"gva-heading-block.default\">\n\t\t\t\t<div class=\"elementor-widget-container\">\n\t\t\t<div class=\"gva-element-gva-heading-block gva-element\">   <div class=\"align-left style-1 widget gsc-heading box-align-left auto-responsive\">\r\n      <div class=\"content-inner\">\r\n         \r\n                  \r\n         <div class=\"sub-title\"><span class=\"tagline\">Groupe d&#039;Action F\u00e9minin Francophone de l\u2019Ontario<\/span><\/div>  \r\n         \r\n                     <h2 class=\"title\">\r\n               <span>On the lookout for interesting news<\/span>\r\n            <\/h2>\r\n                  \r\n         \r\n         \r\n      <\/div>\r\n   <\/div>\r\n<\/div>\t\t<\/div>\n\t\t\t\t<\/div>\n\t\t\t\t<div class=\"elementor-element elementor-element-0ef8729 elementor-widget elementor-widget-text-editor\" data-id=\"0ef8729\" data-element_type=\"widget\" data-widget_type=\"text-editor.default\">\n\t\t\t\t<div class=\"elementor-widget-container\">\n\t\t\t\t\t\t\t<p style=\"text-align: justify;\"><strong>Our organization is constantly up to date, particularly on social media, where Friends of GAFFO exchange a variety of information and news, especially in areas of interest to girls, women and their families.<\/strong><\/p>\t\t\t\t\t\t<\/div>\n\t\t\t\t<\/div>\n\t\t\t\t<div class=\"elementor-element elementor-element-ef17d84 elementor-widget elementor-widget-text-editor\" data-id=\"ef17d84\" data-element_type=\"widget\" data-widget_type=\"text-editor.default\">\n\t\t\t\t<div class=\"elementor-widget-container\">\n\t\t\t\t\t\t\t<p style=\"text-align: justify;\">This includes finding safe and affordable housing, finding French-speaking schools for their children, employment training, mental health resources, etc. The <strong>GAFFO<\/strong> is committed to keeping its members informed of news essential to their development.<\/p>\t\t\t\t\t\t<\/div>\n\t\t\t\t<\/div>\n\t\t\t\t<div class=\"elementor-element elementor-element-11e5964 elementor-invisible elementor-widget elementor-widget-gva-posts\" data-id=\"11e5964\" data-element_type=\"widget\" data-settings=\"{&quot;_animation&quot;:&quot;fadeInUp&quot;}\" data-widget_type=\"gva-posts.default\">\n\t\t\t\t<div class=\"elementor-widget-container\">\n\t\t\t<div class=\"gva-element-gva-posts gva-element\">\r\n\t<div class=\"gva-posts-carousel gva-posts swiper-slider-wrapper\" data-filter=\"5gho\">\r\n\t\t<div class=\"swiper-content-inner\">\r\n\t\t\t<div class=\"init-carousel-swiper swiper\" data-carousel=\"{&quot;items&quot;:3,&quot;items_lg&quot;:3,&quot;items_md&quot;:3,&quot;items_sm&quot;:2,&quot;items_xs&quot;:1,&quot;items_xx&quot;:1,&quot;effect&quot;:&quot;slide&quot;,&quot;space_between&quot;:30,&quot;loop&quot;:1,&quot;speed&quot;:1200,&quot;autoplay&quot;:1,&quot;autoplay_delay&quot;:5000,&quot;autoplay_hover&quot;:1,&quot;navigation&quot;:1,&quot;pagination&quot;:0,&quot;dynamic_bullets&quot;:0,&quot;pagination_type&quot;:&quot;bullets&quot;}\">\r\n\t\t\t\t<div class=\"swiper-wrapper\">\r\n\t\t\t\t\t<div class=\"swiper-slide\">\r\n   <article class=\"post post-one__single post-2677 type-post status-publish format-standard has-post-thumbnail hentry category-nouvelles\">\r\n      <div class=\"post-one__thumbnail\"><a href=\"https:\/\/gaffo.com\/en\/le-mois-de-histoire-des-noirs-au-canada\/\"><img fetchpriority=\"high\" decoding=\"async\" width=\"600\" height=\"425\" src=\"https:\/\/gaffo.com\/wp-content\/uploads\/2026\/02\/black-history-month-canada-poster-600x425.jpg\" class=\"attachment-post-thumbnail size-post-thumbnail wp-post-image\" alt=\"Le Mois de l\u2019histoire des Noirs au Canada\" \/><\/a><div class=\"post-one__entry-date\"><span class=\"date\">09<\/span><span class=\"month\">Feb<\/span><\/div><\/div>       \r\n      <div class=\"post-one__content has-thumbnail\">\r\n         <div class=\"post-one__content-inner\">\r\n            <h3 class=\"post-one__title\"><a href=\"https:\/\/gaffo.com\/en\/le-mois-de-histoire-des-noirs-au-canada\/\" rel=\"bookmark\">Black History Month in Canada<\/a><\/h3>\r\n            <div class=\"post-one__desc\">Black History Month is a time to honour and amplify the voices of Black Canadians<\/div>            <div class=\"post-one__meta\">\r\n               <div class=\"clearfix meta-inline post-meta-1\"><span class=\"author vcard\"><i class=\"fas fa-user-circle\"><\/i>siteweb_gaffo<\/span><span class=\"post-comment\"><i class=\"fas fa-comments\"><\/i>0 Comments<\/span><\/div>            <\/div> \r\n         <\/div>\r\n      <\/div>\r\n   <\/article>   \r\n\r\n  <\/div><div class=\"swiper-slide\">\r\n   <article class=\"post post-one__single post-2627 type-post status-publish format-standard has-post-thumbnail hentry category-evenements\">\r\n      <div class=\"post-one__thumbnail\"><a href=\"https:\/\/gaffo.com\/en\/artistes-autochtones-africains\/\"><img decoding=\"async\" width=\"600\" height=\"425\" src=\"https:\/\/gaffo.com\/wp-content\/uploads\/2025\/09\/gaffo-briser-les-barrieres-canada-600x425.jpg\" class=\"attachment-post-thumbnail size-post-thumbnail wp-post-image\" alt=\"Briser les barri\u00e8res c\u00e9l\u00e8brer les artistes\" \/><\/a><div class=\"post-one__entry-date\"><span class=\"date\">23<\/span><span class=\"month\">Sep<\/span><\/div><\/div>       \r\n      <div class=\"post-one__content has-thumbnail\">\r\n         <div class=\"post-one__content-inner\">\r\n            <h3 class=\"post-one__title\"><a href=\"https:\/\/gaffo.com\/en\/artistes-autochtones-africains\/\" rel=\"bookmark\">Breaking barriers celebrating artists<\/a><\/h3>\r\n            <div class=\"post-one__desc\">Online educational workshops addressing the impact of stereotypes and systemic discrimination<\/div>            <div class=\"post-one__meta\">\r\n               <div class=\"clearfix meta-inline post-meta-1\"><span class=\"author vcard\"><i class=\"fas fa-user-circle\"><\/i>siteweb_gaffo<\/span><span class=\"post-comment\"><i class=\"fas fa-comments\"><\/i>0 Comments<\/span><\/div>            <\/div> \r\n         <\/div>\r\n      <\/div>\r\n   <\/article>   \r\n\r\n  <\/div><div class=\"swiper-slide\">\r\n   <article class=\"post post-one__single post-2620 type-post status-publish format-standard has-post-thumbnail hentry category-evenements\">\r\n      <div class=\"post-one__thumbnail\"><a href=\"https:\/\/gaffo.com\/en\/formation-literature-jaaf\/\"><img decoding=\"async\" width=\"600\" height=\"425\" src=\"https:\/\/gaffo.com\/wp-content\/uploads\/2025\/09\/gaffo-programmes-JAAF-2025-fr-600x425.jpg\" class=\"attachment-post-thumbnail size-post-thumbnail wp-post-image\" alt=\"Formation Literature JAAF\" \/><\/a><div class=\"post-one__entry-date\"><span class=\"date\">18<\/span><span class=\"month\">Sep<\/span><\/div><\/div>       \r\n      <div class=\"post-one__content has-thumbnail\">\r\n         <div class=\"post-one__content-inner\">\r\n            <h3 class=\"post-one__title\"><a href=\"https:\/\/gaffo.com\/en\/formation-literature-jaaf\/\" rel=\"bookmark\">Literature Training YFAA<\/a><\/h3>\r\n            <div class=\"post-one__desc\">Call for applications to recruit young immigrants between the ages of 13 and 18 to participate<\/div>            <div class=\"post-one__meta\">\r\n               <div class=\"clearfix meta-inline post-meta-1\"><span class=\"author vcard\"><i class=\"fas fa-user-circle\"><\/i>siteweb_gaffo<\/span><span class=\"post-comment\"><i class=\"fas fa-comments\"><\/i>0 Comments<\/span><\/div>            <\/div> \r\n         <\/div>\r\n      <\/div>\r\n   <\/article>   \r\n\r\n  <\/div><div class=\"swiper-slide\">\r\n   <article class=\"post post-one__single post-1568 type-post status-publish format-standard has-post-thumbnail hentry category-evenements\">\r\n      <div class=\"post-one__thumbnail\"><a href=\"https:\/\/gaffo.com\/en\/programmation-dclo\/\"><img loading=\"lazy\" decoding=\"async\" width=\"600\" height=\"425\" src=\"https:\/\/gaffo.com\/wp-content\/uploads\/2024\/06\/programmation-dclo-2025-fr-600x425.jpg\" class=\"attachment-post-thumbnail size-post-thumbnail wp-post-image\" alt=\"Programmation DCLO 2025-2026\" \/><\/a><div class=\"post-one__entry-date\"><span class=\"date\">07<\/span><span class=\"month\">May<\/span><\/div><\/div>       \r\n      <div class=\"post-one__content has-thumbnail\">\r\n         <div class=\"post-one__content-inner\">\r\n            <h3 class=\"post-one__title\"><a href=\"https:\/\/gaffo.com\/en\/programmation-dclo\/\" rel=\"bookmark\">Programmation DCLO 2025-2026<\/a><\/h3>\r\n            <div class=\"post-one__desc\">You are all invited to participate in our community activity programs as part of our project.<\/div>            <div class=\"post-one__meta\">\r\n               <div class=\"clearfix meta-inline post-meta-1\"><span class=\"author vcard\"><i class=\"fas fa-user-circle\"><\/i>siteweb_gaffo<\/span><span class=\"post-comment\"><i class=\"fas fa-comments\"><\/i>0 Comments<\/span><\/div>            <\/div> \r\n         <\/div>\r\n      <\/div>\r\n   <\/article>   \r\n\r\n  <\/div><div class=\"swiper-slide\">\r\n   <article class=\"post post-one__single post-1556 type-post status-publish format-standard has-post-thumbnail hentry category-nouvelles\">\r\n      <div class=\"post-one__thumbnail\"><a href=\"https:\/\/gaffo.com\/en\/journee-nationale-pour-la-verite-et-la-reconciliation\/\"><img loading=\"lazy\" decoding=\"async\" width=\"600\" height=\"425\" src=\"https:\/\/gaffo.com\/wp-content\/uploads\/2024\/12\/national-day-truth-reconciliation-600x425.jpg\" class=\"attachment-post-thumbnail size-post-thumbnail wp-post-image\" alt=\"Journ\u00e9e nationale pour la v\u00e9rit\u00e9 et la r\u00e9conciliation\" \/><\/a><div class=\"post-one__entry-date\"><span class=\"date\">30<\/span><span class=\"month\">Sep<\/span><\/div><\/div>       \r\n      <div class=\"post-one__content has-thumbnail\">\r\n         <div class=\"post-one__content-inner\">\r\n            <h3 class=\"post-one__title\"><a href=\"https:\/\/gaffo.com\/en\/journee-nationale-pour-la-verite-et-la-reconciliation\/\" rel=\"bookmark\">National Day for Truth and Reconciliation<\/a><\/h3>\r\n            <div class=\"post-one__desc\">National Day for Truth and Reconciliation in Canada, celebrated on September 30<\/div>            <div class=\"post-one__meta\">\r\n               <div class=\"clearfix meta-inline post-meta-1\"><span class=\"author vcard\"><i class=\"fas fa-user-circle\"><\/i>siteweb_gaffo<\/span><span class=\"post-comment\"><i class=\"fas fa-comments\"><\/i>0 Comments<\/span><\/div>            <\/div> \r\n         <\/div>\r\n      <\/div>\r\n   <\/article>   \r\n\r\n  <\/div><div class=\"swiper-slide\">\r\n   <article class=\"post post-one__single post-1574 type-post status-publish format-standard has-post-thumbnail hentry category-evenements\">\r\n      <div class=\"post-one__thumbnail\"><a href=\"https:\/\/gaffo.com\/en\/projet-croix-rouge\/\"><img loading=\"lazy\" decoding=\"async\" width=\"600\" height=\"425\" src=\"https:\/\/gaffo.com\/wp-content\/uploads\/2024\/12\/445002915_835135071981724_6827683652118457430_n-600x425.jpg\" class=\"attachment-post-thumbnail size-post-thumbnail wp-post-image\" alt=\"Remise de certificats de formation en b\u00e9n\u00e9volat\" \/><\/a><div class=\"post-one__entry-date\"><span class=\"date\">01<\/span><span class=\"month\">Jun<\/span><\/div><\/div>       \r\n      <div class=\"post-one__content has-thumbnail\">\r\n         <div class=\"post-one__content-inner\">\r\n            <h3 class=\"post-one__title\"><a href=\"https:\/\/gaffo.com\/en\/projet-croix-rouge\/\" rel=\"bookmark\">Presentation of volunteer training certificates<\/a><\/h3>\r\n            <div class=\"post-one__desc\">Thank you to the Government of Canada and the Canadian Red Cross. It is thanks to their support that GAFFO made this project possible.<\/div>            <div class=\"post-one__meta\">\r\n               <div class=\"clearfix meta-inline post-meta-1\"><span class=\"author vcard\"><i class=\"fas fa-user-circle\"><\/i>siteweb_gaffo<\/span><span class=\"post-comment\"><i class=\"fas fa-comments\"><\/i>0 Comments<\/span><\/div>            <\/div> \r\n         <\/div>\r\n      <\/div>\r\n   <\/article>   \r\n\r\n  <\/div>\t\t\t\t<\/div>\r\n\t\t\t<\/div>\t\r\n\t\t<\/div>\t\r\n\t\t<div class=\"swiper-pagination\"><\/div>\t\t<div class=\"swiper-nav-next\"><\/div><div class=\"swiper-nav-prev\"><\/div> \r\n\t<\/div>\r\n  <\/div>\t\t<\/div>\n\t\t\t\t<\/div>\n\t\t\t\t<\/div>\n\t\t\t\t\t<\/div>\n\t\t\t\t<\/div>\n\t\t<div class=\"elementor-element elementor-element-5a0d929c e-flex e-con-boxed e-con e-parent\" data-id=\"5a0d929c\" data-element_type=\"container\" data-settings=\"{&quot;_ha_eqh_enable&quot;:false}\">\n\t\t\t\t\t<div class=\"e-con-inner\">\n\t\t<div class=\"elementor-element elementor-element-632318fb e-con-full e-flex e-con e-child\" data-id=\"632318fb\" data-element_type=\"container\" data-settings=\"{&quot;_ha_eqh_enable&quot;:false}\">\n\t\t\t\t<div class=\"elementor-element elementor-element-3092b7e4 elementor-widget elementor-widget-gva-heading-block\" data-id=\"3092b7e4\" data-element_type=\"widget\" data-settings=\"{&quot;_animation&quot;:&quot;none&quot;}\" data-widget_type=\"gva-heading-block.default\">\n\t\t\t\t<div class=\"elementor-widget-container\">\n\t\t\t<div class=\"gva-element-gva-heading-block gva-element\">   <div class=\"align-center style-1 widget gsc-heading box-align-center auto-responsive\">\r\n      <div class=\"content-inner\">\r\n         \r\n                  \r\n           \r\n         \r\n                     <h2 class=\"title\">\r\n               <span>Sponsors<\/span>\r\n            <\/h2>\r\n                  \r\n         \r\n         \r\n      <\/div>\r\n   <\/div>\r\n<\/div>\t\t<\/div>\n\t\t\t\t<\/div>\n\t\t\t\t<div class=\"elementor-element elementor-element-5db8e2f0 elementor-widget-divider--view-line_icon elementor-view-default elementor-widget-divider--element-align-center elementor-widget elementor-widget-divider\" data-id=\"5db8e2f0\" data-element_type=\"widget\" data-widget_type=\"divider.default\">\n\t\t\t\t<div class=\"elementor-widget-container\">\n\t\t\t\t\t<div class=\"elementor-divider\">\n\t\t\t<span class=\"elementor-divider-separator\">\n\t\t\t\t\t\t\t<div class=\"elementor-icon elementor-divider__element\">\n\t\t\t\t\t<i aria-hidden=\"true\" class=\"wicon-handshake-2\"><\/i><\/div>\n\t\t\t\t\t\t<\/span>\n\t\t<\/div>\n\t\t\t\t<\/div>\n\t\t\t\t<\/div>\n\t\t\t\t<div class=\"elementor-element elementor-element-73c94e7a elementor-widget elementor-widget-html\" data-id=\"73c94e7a\" data-element_type=\"widget\" data-widget_type=\"html.default\">\n\t\t\t\t<div class=\"elementor-widget-container\">\n\t\t\t<style>.swiper-slide-image{cursor: pointer;} <\/style>\r\n\r\n\r\n<script>\r\ndocument.addEventListener('DOMContentLoaded', function () {\r\n\r\n\r\n\/* Edit the URL Links Here *\/\r\nlet links = [\r\n    'https:\/\/www.canada.ca\/fr\/patrimoine-canadien.html',\r\n    'https:\/\/otf.ca',\r\n    'https:\/\/www.canada.ca\/fr\/femmes-egalite-genres.html',\r\n    'https:\/\/benevoles.ca',\r\n    'https:\/\/www.canada.ca\/fr\/femmes-egalite-genres.html',\r\n    'https:\/\/www.toronto.ca',\r\n\r\n];\r\n\r\ndocument.body.addEventListener('click', function (e) {\r\n\r\n    if (e.target.closest('.carousel-links .swiper-slide')){\r\n\r\n    let i = e.target.closest('.swiper-slide').getAttribute(\"data-swiper-slide-index\");\r\n\r\n    if (links[i] && links[i].length > 2){\r\n\r\n    window.open(links[i]);\r\n\r\n    }\r\n\r\n    }\r\n\r\n});\r\n\r\n});\r\n\r\n<\/script>\t\t<\/div>\n\t\t\t\t<\/div>\n\t\t\t\t<div class=\"elementor-element elementor-element-7e93b464 carousel-links elementor-arrows-position-inside elementor-pagination-position-outside elementor-widget elementor-widget-image-carousel\" data-id=\"7e93b464\" data-element_type=\"widget\" data-settings=\"{&quot;autoplay_speed&quot;:4000,&quot;navigation&quot;:&quot;both&quot;,&quot;autoplay&quot;:&quot;yes&quot;,&quot;pause_on_hover&quot;:&quot;yes&quot;,&quot;pause_on_interaction&quot;:&quot;yes&quot;,&quot;infinite&quot;:&quot;yes&quot;,&quot;speed&quot;:500}\" data-widget_type=\"image-carousel.default\">\n\t\t\t\t<div class=\"elementor-widget-container\">\n\t\t\t\t\t<div class=\"elementor-image-carousel-wrapper swiper-container\" dir=\"ltr\">\n\t\t\t<div class=\"elementor-image-carousel swiper-wrapper\" aria-live=\"off\">\n\t\t\t\t\t\t\t\t<div class=\"swiper-slide\" role=\"group\" aria-roledescription=\"slide\" aria-label=\"1 of 6\"><figure class=\"swiper-slide-inner\"><img decoding=\"async\" class=\"swiper-slide-image\" src=\"https:\/\/gaffo.com\/wp-content\/uploads\/2024\/09\/logo-patrimoine-canadien-2.jpg\" alt=\"Patrimoine Canadien\" \/><\/figure><\/div><div class=\"swiper-slide\" role=\"group\" aria-roledescription=\"slide\" aria-label=\"2 of 6\"><figure class=\"swiper-slide-inner\"><img decoding=\"async\" class=\"swiper-slide-image\" src=\"https:\/\/gaffo.com\/wp-content\/uploads\/2024\/09\/logo-otf-1.jpg\" alt=\"Fondation Trillium de l&#039;Ontario\" \/><\/figure><\/div><div class=\"swiper-slide\" role=\"group\" aria-roledescription=\"slide\" aria-label=\"3 of 6\"><figure class=\"swiper-slide-inner\"><img decoding=\"async\" class=\"swiper-slide-image\" src=\"https:\/\/gaffo.com\/wp-content\/uploads\/2024\/09\/logo-femmes-egalite-genre-3.jpg\" alt=\"Femmes et \u00c9galit\u00e9 des genres Canada\" \/><\/figure><\/div><div class=\"swiper-slide\" role=\"group\" aria-roledescription=\"slide\" aria-label=\"4 of 6\"><figure class=\"swiper-slide-inner\"><img decoding=\"async\" class=\"swiper-slide-image\" src=\"https:\/\/gaffo.com\/wp-content\/uploads\/2024\/10\/logo-volunteer-benevoles-canada-4.jpg\" alt=\"Volunteer B\u00e9n\u00e9voles Caanda\" \/><\/figure><\/div><div class=\"swiper-slide\" role=\"group\" aria-roledescription=\"slide\" aria-label=\"5 of 6\"><figure class=\"swiper-slide-inner\"><img decoding=\"async\" class=\"swiper-slide-image\" src=\"https:\/\/gaffo.com\/wp-content\/uploads\/2024\/10\/logo-emploi-developpement-social-canada-5.jpg\" alt=\"Emploi et D\u00e9veloppement social Canada\" \/><\/figure><\/div><div class=\"swiper-slide\" role=\"group\" aria-roledescription=\"slide\" aria-label=\"6 of 6\"><figure class=\"swiper-slide-inner\"><img decoding=\"async\" class=\"swiper-slide-image\" src=\"https:\/\/gaffo.com\/wp-content\/uploads\/2024\/12\/logo-city-of-toronto.jpg\" alt=\"Toronto City\" \/><\/figure><\/div>\t\t\t<\/div>\n\t\t\t\t\t\t\t\t\t\t\t\t<div class=\"elementor-swiper-button elementor-swiper-button-prev\" role=\"button\" tabindex=\"0\">\n\t\t\t\t\t\t<i aria-hidden=\"true\" class=\"eicon-chevron-left\"><\/i>\t\t\t\t\t<\/div>\n\t\t\t\t\t<div class=\"elementor-swiper-button elementor-swiper-button-next\" role=\"button\" tabindex=\"0\">\n\t\t\t\t\t\t<i aria-hidden=\"true\" class=\"eicon-chevron-right\"><\/i>\t\t\t\t\t<\/div>\n\t\t\t\t\n\t\t\t\t\t\t\t\t\t<div class=\"swiper-pagination\"><\/div>\n\t\t\t\t\t\t\t\t\t<\/div>\n\t\t\t\t<\/div>\n\t\t\t\t<\/div>\n\t\t\t\t<\/div>\n\t\t\t\t\t<\/div>\n\t\t\t\t<\/div>\n\t\t\t\t<\/div>","protected":false},"excerpt":{"rendered":"<p>Remise de certificats de formation en b\u00e9n\u00e9volat Groupe d&#039;Action F\u00e9minin Francophone de l\u2019Ontario \u00c0 l&#8217;affut des actualit\u00e9s int\u00e9ressantes Notre organisme est constamment \u00e0 jour, notamment sur les m\u00e9dias sociaux, o\u00f9 [&hellip;]<\/p>","protected":false},"author":1,"featured_media":0,"parent":0,"menu_order":0,"comment_status":"closed","ping_status":"closed","template":"","meta":{"footnotes":""},"class_list":["post-967","page","type-page","status-publish","hentry"],"_links":{"self":[{"href":"https:\/\/gaffo.com\/en\/wp-json\/wp\/v2\/pages\/967","targetHints":{"allow":["GET"]}}],"collection":[{"href":"https:\/\/gaffo.com\/en\/wp-json\/wp\/v2\/pages"}],"about":[{"href":"https:\/\/gaffo.com\/en\/wp-json\/wp\/v2\/types\/page"}],"author":[{"embeddable":true,"href":"https:\/\/gaffo.com\/en\/wp-json\/wp\/v2\/users\/1"}],"replies":[{"embeddable":true,"href":"https:\/\/gaffo.com\/en\/wp-json\/wp\/v2\/comments?post=967"}],"version-history":[{"count":44,"href":"https:\/\/gaffo.com\/en\/wp-json\/wp\/v2\/pages\/967\/revisions"}],"predecessor-version":[{"id":2570,"href":"https:\/\/gaffo.com\/en\/wp-json\/wp\/v2\/pages\/967\/revisions\/2570"}],"wp:attachment":[{"href":"https:\/\/gaffo.com\/en\/wp-json\/wp\/v2\/media?parent=967"}],"curies":[{"name":"wp","href":"https:\/\/api.w.org\/{rel}","templated":true}]}}